{"id":3041,"date":"2023-07-11T11:25:18","date_gmt":"2023-07-11T11:25:18","guid":{"rendered":"https:\/\/iismas.org\/sito\/?page_id=3041"},"modified":"2023-07-17T09:23:38","modified_gmt":"2023-07-17T09:23:38","slug":"la-cooperazione-sanitaria-nel-mondo-limpegno-della-regione-lazio-per-lo-sviluppo-clinico-scientifico-in-kurdistan","status":"publish","type":"page","link":"https:\/\/iismas.org\/sito\/la-cooperazione-sanitaria-nel-mondo-limpegno-della-regione-lazio-per-lo-sviluppo-clinico-scientifico-in-kurdistan\/","title":{"rendered":"LA COOPERAZIONE SANITARIA NEL MONDO: L\u2019IMPEGNO DELLA REGIONE LAZIO PER LO SVILUPPO CLINICO \u2013 SCIENTIFICO IN KURDISTAN"},"content":{"rendered":"<h3><img decoding=\"async\" loading=\"lazy\" class=\"alignnone wp-image-3040\" src=\"https:\/\/iismas.org\/sito\/wp-content\/uploads\/2023\/07\/Foto-corsi-300x224.png\" alt=\"18 luglio\" width=\"411\" height=\"307\" srcset=\"https:\/\/iismas.org\/sito\/wp-content\/uploads\/2023\/07\/Foto-corsi-300x224.png 300w, https:\/\/iismas.org\/sito\/wp-content\/uploads\/2023\/07\/Foto-corsi.png 467w\" sizes=\"(max-width: 411px) 100vw, 411px\" \/><\/h3>\n<h3>EVENTO RESIDENZIALE \u2013 NO ECM<\/h3>\n<h3><b>18 LUGLIO 2023 \u2013 DALLE ORE 9:30 ALLE ORE 13:30<\/b><\/h3>\n<p><b>Regione Lazio, Sala Tevere, Via C. Colombo. 212<\/b><\/p>\n<p id=\"yui_3_17_2_1_1688982945630_1240\"><span id=\"yui_3_17_2_1_1688982945630_1239\"><img decoding=\"async\" loading=\"lazy\" id=\"yui_3_17_2_1_1688982945630_1238\" role=\"presentation\" src=\"https:\/\/formazione.dreamcom.it\/pluginfile.php\/158982\/course\/section\/998\/logo-sito-sanit-4.org_.jpg\" alt=\"\" width=\"250\" height=\"86\" \/><br \/>\n<\/span><\/p>\n<p><img decoding=\"async\" loading=\"lazy\" role=\"presentation\" src=\"https:\/\/formazione.dreamcom.it\/pluginfile.php\/158982\/course\/section\/998\/logo%20Regione%20Lazio.png\" alt=\"\" width=\"220\" height=\"83\" \/><\/p>\n<p>Promosso da:<\/p>\n<p><img decoding=\"async\" loading=\"lazy\" class=\"img-responsive atto_image_button_text-bottom\" role=\"presentation\" src=\"https:\/\/formazione.dreamcom.it\/pluginfile.php\/158982\/course\/section\/998\/san%20gallicano.png\" alt=\"\" width=\"300\" height=\"98\" \/><\/p>\n<p><img decoding=\"async\" loading=\"lazy\" role=\"presentation\" src=\"https:\/\/formazione.dreamcom.it\/pluginfile.php\/158982\/course\/section\/998\/Logo%20iismas%20%28800%20%C3%97%20500%20px%29%20%28500%20%C3%97%20250%20px%29.png\" alt=\"\" width=\"300\" height=\"250\" \/><\/p>\n<h3><b>RAZIONALE<\/b><\/h3>\n<p>La recente Pandemia da COVID-19 ha ormai reso ineludibile l\u2019impegno per migliorare i sistemi sanitari e la ricerca scientifica a livello globale. Il rischio della diffusione di malattie apparentemente ubicate solo in alcune aree geografiche, in particolare nelle regioni tropicali dei Paesi in via di Sviluppo (PVS), ha reso necessaria una visione pi\u00f9 ampia nella tutela della salute. Per questo motivo oggi nei documenti ufficiali dell\u2019Organizzazione Mondiale della Sanit\u00e0 (OMS) si parla di ONE HEALTH, cio\u00e8 la difesa del benessere pubblico in tutte le sue forme, umane, animali e vegetali. La salute del Pianeta \u00e8 Unica!<\/p>\n<p>Le strutture sanitarie italiane, nelle loro diverse espressioni: Asl, Ospedali, Policlinici, IRCCSS da sempre sono all\u2019avanguardia nell\u2019innovazione e nell\u2019eccellenza medica. L\u2019Italia \u00e8 leader nelle cure mediche e nella ricerca clinico-scientifica, in particolare in quella traslazionale e oggi i nostri centri clinici sono tra i pi\u00f9 rispettati al mondo per la capacit\u00e0 di tecnologie e trattamenti all\u2019avanguardia garantiti a pazienti provenienti da tutto il mondo.<\/p>\n<p>Da oltre quarant\u2019anni, l\u2019Istituto San Gallicano (IRCCS), in collaborazione con l\u2019Istituto Internazionale per le Scienze Medico-Antropologiche e Sociali (IISMAS) \u00e8 attivo nei maggiori Paesi del Mondo, e ha contribuito a realizzare numerosi accordi e progetti clinico-scientifici soprattutto nel Kurdistan Iracheno Siriano e Turco, in Uzbekistan, Etiopia, Libano, Egitto, Siria, Iraq, Cambogia, India, Sri Lanka, Afghanistan, Messico e Cuba.<\/p>\n<p>Gli obiettivi perseguiti sono stati e sono tuttora finalizzati al miglioramento delle condizioni di salute dei cittadini di questi Paesi attraverso la condivisione di saperi, esperienze cliniche e la formazione di operatori sanitari locali che operano in collaborazione con personale medico italiano.<\/p>\n<p>L\u2019attivit\u00e0 di cooperazione, ha permesso d\u2019intervenire anche in aree rurali remote. Inoltre vengono periodicamente avviati programmi di investimento strutturale, economico finalizzati all\u2019aggiornamento professionale, tecnologico e scientifico.<\/p>\n<h3><b>PROGRAMMA<\/b><\/h3>\n<p class=\"_04xlpA direction-ltr align-start para-style-body\"><span class=\"WdYUQQ text-decoration-none text-strikethrough-none\">Ore 9.30\u00a0<\/span><span class=\"WdYUQQ text-decoration-none text-strikethrough-none\">SALUTO DELLE AUTORIT\u00c0<\/span><\/p>\n<p class=\"_04xlpA direction-ltr align-start para-style-body\"><b><span class=\"WdYUQQ text-decoration-none text-strikethrough-none\">MODERATORE:<\/span><\/b><\/p>\n<p class=\"_04xlpA direction-ltr align-start para-style-body\"><b><span class=\"WdYUQQ text-decoration-none text-strikethrough-none\">Prof. Aldo Morrone<\/span><\/b><span class=\"WdYUQQ text-decoration-none text-strikethrough-none\">\u00a0\u2013 Presidente IISMAS (Istituto Internazionale Scienze Mediche, Antropologiche e Sociali)<\/span><\/p>\n<p><strong>INTERVENGONO:<\/strong><\/p>\n<ul>\n<li><span class=\"WdYUQQ text-decoration-none text-strikethrough-none\">Aisha Sethi <\/span><span class=\"WdYUQQ text-decoration-none text-strikethrough-none\">&#8211; Docente di Dermatologia presso Yale University &#8211; New York<\/span><\/li>\n<li><span class=\"WdYUQQ text-decoration-none text-strikethrough-none\">Alessandra Mambrin<\/span><span class=\"WdYUQQ text-decoration-none text-strikethrough-none\"> &#8211; Dermatologa IISMAS &#8211; Roma<\/span><\/li>\n<li><span class=\"WdYUQQ text-decoration-none text-strikethrough-none\">Alessandra Scarabello<\/span><span class=\"WdYUQQ text-decoration-none text-strikethrough-none\"> &#8211; Dermatologa IRCCS IFO Istituto San Gallicano<\/span><\/li>\n<li><span class=\"WdYUQQ text-decoration-none text-strikethrough-none\">Alessandro Radicchi<\/span><span class=\"WdYUQQ text-decoration-none text-strikethrough-none\"> &#8211; Presidente di Europe Consulting Onlus<\/span><\/li>\n<li><span class=\"WdYUQQ text-decoration-none text-strikethrough-none\">Antonio Cristaudo<\/span><span class=\"WdYUQQ text-decoration-none text-strikethrough-none\"> &#8211; gi\u00e0 Direttore Dip. Dermatologia Clinica IRCCS IFO Istituto San Gallicano<\/span><\/li>\n<li><span class=\"WdYUQQ text-decoration-none text-strikethrough-none\">Aram Jamal<\/span><span class=\"WdYUQQ text-decoration-none text-strikethrough-none\"> &#8211; Chirurgo Ospedale di Sulaimanya &#8211; Iraq<\/span><\/li>\n<li><span class=\"WdYUQQ text-decoration-none text-strikethrough-none\">Barbara Tavazzi<\/span><span class=\"WdYUQQ text-decoration-none text-strikethrough-none\"> &#8211; Delegata del Rettore per l&#8217;internazionalizzazione UniCamillus<\/span><\/li>\n<li><span class=\"WdYUQQ text-decoration-none text-strikethrough-none\">Emanuela Del Re<\/span><span class=\"WdYUQQ text-decoration-none text-strikethrough-none\"> &#8211; Rappresentante Speciale EU per il Sahel<\/span><\/li>\n<li><span class=\"WdYUQQ text-decoration-none text-strikethrough-none\">Emilia Migliano<\/span><span class=\"WdYUQQ text-decoration-none text-strikethrough-none\"> &#8211;<\/span> <span class=\"WdYUQQ text-decoration-none text-strikethrough-none\">Direttore Chirurgia Plastica<\/span> <span class=\"WdYUQQ text-decoration-none text-strikethrough-none\">Istituto San Gallicano<\/span><\/li>\n<li><span class=\"WdYUQQ text-decoration-none text-strikethrough-none\">Ermete Gallo<\/span><span class=\"WdYUQQ text-decoration-none text-strikethrough-none\"> &#8211; Direttore Sanitario IRCCS IFO Istituto San Gallicano e Istituto Regina Elena<\/span><\/li>\n<li><span class=\"WdYUQQ text-decoration-none text-strikethrough-none\">Francesca Danese<\/span><span class=\"WdYUQQ text-decoration-none text-strikethrough-none\"> &#8211; Forum Terzo Settore<\/span><\/li>\n<li><span class=\"WdYUQQ text-decoration-none text-strikethrough-none\">Gennaro Ciliberto <\/span><span class=\"WdYUQQ text-decoration-none text-strikethrough-none\">&#8211; Direttore Scientifico IRCCS IFO Istituto San Gallicano e Istituto Regina Elena<\/span><\/li>\n<li><span class=\"WdYUQQ text-decoration-none text-strikethrough-none\">Giovanni Pellacani<\/span><span class=\"WdYUQQ text-decoration-none text-strikethrough-none\"> &#8211; Direttore Dermatologia Universit\u00e0 La Sapienza, Roma<\/span><\/li>\n<li><span class=\"WdYUQQ text-decoration-none text-strikethrough-none\">Haval Abubakr<\/span><span class=\"WdYUQQ text-decoration-none text-strikethrough-none\"> &#8211; Governatore di Sulaimanya &#8211; Iraq<\/span><\/li>\n<li><span class=\"WdYUQQ text-decoration-none text-strikethrough-none\">Manfred Bergmann<\/span><span class=\"WdYUQQ text-decoration-none text-strikethrough-none\"> &#8211; Delegato ONG presso Consiglio Diritti Umani ONU<\/span><\/li>\n<li><span class=\"WdYUQQ text-decoration-none text-strikethrough-none\">Maria Pia Sozio <\/span><span class=\"WdYUQQ text-decoration-none text-strikethrough-none\">&#8211;<\/span> <span class=\"WdYUQQ text-decoration-none text-strikethrough-none\">Presidente AsMaRa Onlus<\/span><\/li>\n<li><span class=\"WdYUQQ text-decoration-none text-strikethrough-none\">Marina Cerimele <\/span><span class=\"WdYUQQ text-decoration-none text-strikethrough-none\">&#8211; Direttore Generale IRCCS IFO Istituto San Gallicano e Istituto Regina Elena<\/span><\/li>\n<li><span class=\"WdYUQQ text-decoration-none text-strikethrough-none\">Michele Camerota<\/span><span class=\"WdYUQQ text-decoration-none text-strikethrough-none\"> &#8211; Console Italiano in Kurdistan Iracheno Erbil<\/span><\/li>\n<li><span class=\"WdYUQQ text-decoration-none text-strikethrough-none\">Mohamed Yousif<\/span><span class=\"WdYUQQ text-decoration-none text-strikethrough-none\"> &#8211; Direttore Clinica Dermatologica statale di Sulaimanya &#8211; Iraq<\/span><\/li>\n<li><span class=\"WdYUQQ text-decoration-none text-strikethrough-none\">Nejib Doss<\/span><span class=\"WdYUQQ text-decoration-none text-strikethrough-none\"> \u2013 Ospedale Militare di Tunisi \u2013 Tunisia<\/span><\/li>\n<li><span class=\"WdYUQQ text-decoration-none text-strikethrough-none\">Pierluigi Saraceni<\/span><span class=\"WdYUQQ text-decoration-none text-strikethrough-none\"> &#8211; Dermatologo IRCCS IFO Istituto San Gallicano<\/span><\/li>\n<li><span class=\"WdYUQQ text-decoration-none text-strikethrough-none\">Sarah Mosca<\/span><span class=\"WdYUQQ text-decoration-none text-strikethrough-none\"> &#8211; IRCCS IFO Istituto San Gallicano<\/span><\/li>\n<li><span class=\"WdYUQQ text-decoration-none text-strikethrough-none\">Saywan Barzani <\/span><span class=\"WdYUQQ text-decoration-none text-strikethrough-none\">&#8211; Ambasciatore dell\u2019Iraq in Italia<\/span><\/li>\n<li><span class=\"WdYUQQ text-decoration-none text-strikethrough-none\">Soran Ahmad<\/span><span class=\"WdYUQQ text-decoration-none text-strikethrough-none\"> &#8211; Presidente Istituto Kurdo a Roma<\/span><\/li>\n<li><span class=\"WdYUQQ text-decoration-none text-strikethrough-none\">Valentina Garelli <\/span><span class=\"WdYUQQ text-decoration-none text-strikethrough-none\">&#8211; Dermatologa IISMAS &#8211; Roma<\/span><\/li>\n<\/ul>\n<p>&nbsp;<\/p>\n<h2><a href=\"https:\/\/www.dreamcom.it\/iscrizione-convegno-kurdistan\/\">CLICCA QUI PER ISCRIVERTI<\/a><\/h2>\n","protected":false},"excerpt":{"rendered":"<p>EVENTO RESIDENZIALE \u2013 NO ECM 18 LUGLIO 2023 \u2013 DALLE ORE 9:30 ALLE ORE 13:30 Regione Lazio, Sala Tevere, Via C. Colombo. 212 Promosso da: RAZIONALE La recente Pandemia da COVID-19 ha ormai reso ineludibile l\u2019impegno per migliorare i sistemi sanitari e la ricerca scientifica a livello globale. Il rischio della diffusione di malattie apparentemente [&hellip;]<\/p>\n","protected":false},"author":3,"featured_media":3040,"parent":0,"menu_order":0,"comment_status":"closed","ping_status":"closed","template":"","meta":{"_et_pb_use_builder":"","_et_pb_old_content":"","_et_gb_content_width":""},"_links":{"self":[{"href":"https:\/\/iismas.org\/sito\/wp-json\/wp\/v2\/pages\/3041"}],"collection":[{"href":"https:\/\/iismas.org\/sito\/wp-json\/wp\/v2\/pages"}],"about":[{"href":"https:\/\/iismas.org\/sito\/wp-json\/wp\/v2\/types\/page"}],"author":[{"embeddable":true,"href":"https:\/\/iismas.org\/sito\/wp-json\/wp\/v2\/users\/3"}],"replies":[{"embeddable":true,"href":"https:\/\/iismas.org\/sito\/wp-json\/wp\/v2\/comments?post=3041"}],"version-history":[{"count":3,"href":"https:\/\/iismas.org\/sito\/wp-json\/wp\/v2\/pages\/3041\/revisions"}],"predecessor-version":[{"id":3048,"href":"https:\/\/iismas.org\/sito\/wp-json\/wp\/v2\/pages\/3041\/revisions\/3048"}],"wp:featuredmedia":[{"embeddable":true,"href":"https:\/\/iismas.org\/sito\/wp-json\/wp\/v2\/media\/3040"}],"wp:attachment":[{"href":"https:\/\/iismas.org\/sito\/wp-json\/wp\/v2\/media?parent=3041"}],"curies":[{"name":"wp","href":"https:\/\/api.w.org\/{rel}","templated":true}]}}