{"id":3056,"date":"2023-09-19T09:56:46","date_gmt":"2023-09-19T09:56:46","guid":{"rendered":"https:\/\/iismas.org\/sito\/?page_id=3056"},"modified":"2023-10-06T08:18:05","modified_gmt":"2023-10-06T08:18:05","slug":"prevenzione-terapia-e-ruolo-della-digital-health-nellipb-e-nel-tumore-della-prostata","status":"publish","type":"page","link":"https:\/\/iismas.org\/sito\/prevenzione-terapia-e-ruolo-della-digital-health-nellipb-e-nel-tumore-della-prostata\/","title":{"rendered":"PREVENZIONE, TERAPIA E RUOLO DELLA DIGITAL HEALTH NELL\u2019IPB E NEL TUMORE DELLA PROSTATA"},"content":{"rendered":"<h3><\/h3>\n<h3><img decoding=\"async\" loading=\"lazy\" class=\"alignnone wp-image-3057\" src=\"https:\/\/iismas.org\/sito\/wp-content\/uploads\/2023\/09\/tumore-alla-prostata-300x224.webp\" alt=\"tumore alla prostata\" width=\"378\" height=\"282\" srcset=\"https:\/\/iismas.org\/sito\/wp-content\/uploads\/2023\/09\/tumore-alla-prostata-300x224.webp 300w, https:\/\/iismas.org\/sito\/wp-content\/uploads\/2023\/09\/tumore-alla-prostata.webp 467w\" sizes=\"(max-width: 378px) 100vw, 378px\" \/><\/h3>\n<h3><strong>EVENTO\u00a0 IN PRESENZA \u2013 GRATUITO<\/strong><\/h3>\n<h3>10 Ottobre 2023 \u2013 11:00\/13:00<\/h3>\n<p><b>PRESSO SEDE DELLA REGIONE LAZIO,\u00a0 VIA CRISTOFORO COLOMBO, 212 \u2013 SALA TEVERE<\/b><\/p>\n<h3><a href=\"https:\/\/www.dreamcom.it\/wp-content\/uploads\/2023\/08\/Sanit-logo.png\"><img decoding=\"async\" loading=\"lazy\" class=\"alignnone wp-image-99840\" src=\"https:\/\/www.dreamcom.it\/wp-content\/uploads\/2023\/08\/Sanit-logo-300x120.png\" sizes=\"(max-width: 205px) 100vw, 205px\" srcset=\"https:\/\/www.dreamcom.it\/wp-content\/uploads\/2023\/08\/Sanit-logo-300x120.png 300w, https:\/\/www.dreamcom.it\/wp-content\/uploads\/2023\/08\/Sanit-logo.png 400w\" alt=\"sanit logo\" width=\"205\" height=\"82\" \/><\/a><\/h3>\n<p>Promosso da:<\/p>\n<p><a href=\"https:\/\/www.dreamcom.it\/wp-content\/uploads\/2023\/06\/Logo-iismas-500-%C3%97-300-px.png\"><img decoding=\"async\" loading=\"lazy\" class=\"alignnone wp-image-95621\" src=\"https:\/\/www.dreamcom.it\/wp-content\/uploads\/2023\/06\/Logo-iismas-500-%C3%97-300-px-300x180.png\" sizes=\"(max-width: 272px) 100vw, 272px\" srcset=\"https:\/\/www.dreamcom.it\/wp-content\/uploads\/2023\/06\/Logo-iismas-500-\u00d7-300-px-300x180.png 300w, https:\/\/www.dreamcom.it\/wp-content\/uploads\/2023\/06\/Logo-iismas-500-\u00d7-300-px.png 500w\" alt=\"logo IISMAS\" width=\"272\" height=\"163\" \/><\/a><\/p>\n<p><a href=\"https:\/\/www.dreamcom.it\/wp-content\/uploads\/2023\/08\/sapienza-futura.png\"><img decoding=\"async\" loading=\"lazy\" class=\"alignnone size-full wp-image-101993\" src=\"https:\/\/www.dreamcom.it\/wp-content\/uploads\/2023\/08\/sapienza-futura.png\" alt=\"sapienza futura\" width=\"100\" height=\"100\" \/><\/a><\/p>\n<p>Con il contributo incondizionato di:<\/p>\n<p><a href=\"https:\/\/www.dreamcom.it\/wp-content\/uploads\/2022\/12\/Logo-nuovo-recordati.jpeg\"><img decoding=\"async\" loading=\"lazy\" class=\"alignnone wp-image-81460\" src=\"https:\/\/www.dreamcom.it\/wp-content\/uploads\/2022\/12\/Logo-nuovo-recordati-300x109.jpeg\" sizes=\"(max-width: 237px) 100vw, 237px\" srcset=\"https:\/\/www.dreamcom.it\/wp-content\/uploads\/2022\/12\/Logo-nuovo-recordati-300x109.jpeg 300w, https:\/\/www.dreamcom.it\/wp-content\/uploads\/2022\/12\/Logo-nuovo-recordati-600x217.jpeg 600w, https:\/\/www.dreamcom.it\/wp-content\/uploads\/2022\/12\/Logo-nuovo-recordati.jpeg 602w\" alt=\"\" width=\"237\" height=\"86\" \/><\/a><\/p>\n<p><a href=\"https:\/\/www.dreamcom.it\/wp-content\/uploads\/2023\/08\/GBSAPRI-logo-giusto-300x60-1.png\"><img decoding=\"async\" loading=\"lazy\" class=\"alignnone wp-image-99728\" src=\"https:\/\/www.dreamcom.it\/wp-content\/uploads\/2023\/08\/GBSAPRI-logo-giusto-300x60-1.png\" alt=\"\" width=\"225\" height=\"45\" \/><\/a><\/p>\n<p>&nbsp;<\/p>\n<h3><a href=\"https:\/\/www.dreamcom.it\/iscrizione-tumore-prostata\/\"><strong>CLICCA QUI PER ISCRIVERTI AL CONVEGNO<\/strong><\/a><\/h3>\n<h3>RAZIONALE<\/h3>\n<p>L\u2019ipertrofia o iperplasia prostatica benigna (BPH o IPB) \u00e8 una patologia caratterizzata dall\u2019aumento di volume della ghiandola prostatica dovuto al numero di cellule prostatiche epiteliali<br \/>\ne stromali e alla formazione di noduli. Si tratta di una patologia molto comune negli uomini: colpisce il 5-10% degli uomini dopo i 40 anni di et\u00e0 e oltre l\u201980% dopo i 70 e 80 anni, ma produce sintomi solo nella met\u00e0 dei soggetti. Il tumore della prostata si \u00e8 rivelato la neoplasia maschile pi\u00f9 frequente in Europa: viene diagnosticato ogni anno a circa 450 mila uomini.<\/p>\n<p>Anche nel nostro Paese il cancro alla prostata \u00e8 la forma prevalente di neoplasia nei maschi e la terza per mortalit\u00e0, con circa 40.000 nuovi casi all\u2019anno, rappresentando il 19% del totale dei<br \/>\ntumori. In particolare, nel 2021 sono stati diagnosticati oltre 39.000 nuovi casi, di cui un numero significativo \u00e8 risultato, alla diagnosi, affetto da tumore metastatico o colpito da patologia in progressione. L\u2019incidenza del tumore alla prostata in Italia \u00e8 pi\u00f9 che raddoppiata negli ultimi dieci anni, impattando notevolmente anche sulla spesa sanitaria. I tassi di incidenza variano considerevolmente per area geografica, con valori pi\u00f9 bassi nel Meridione, dove lo screening con PSA \u00e8 meno diffuso.<\/p>\n<p>Per contrastare al meglio l\u2019insorgenza di patologie della prostata e favorire un\u2019elevata qualit\u00e0 di vita nel tempo sono indispensabili, innanzi tutto, l\u2019accorta e sapiente gestione del rischio clinico globale e l\u2019appropriatezza delle cure primarie, associati ad una efficace comunicazione ed alleanza medico-paziente. L\u2019evento si pone obiettivo di affrontare con visione globale il problema<br \/>\ndel tumore maligno della prostata, dalla prevenzione allo screening alla gestione del trattamento, attraverso il raggiungimento di obiettivi terapeutici condivisi con piena consapevolezza del Paziente.<\/p>\n<p>Inoltre, la digital health \u00e8 uno strumento fondamentale per supportare i pazienti affetti da neoplasie. Attraverso l\u2019utilizzo di dispositivi digitali, monitoraggio delle attivit\u00e0 fisiche, applicazioni<br \/>\nper smartphone e altri sistemi informatici, \u00e8 possibile intraprendere un approccio sistematico di cura personalizzata. L\u2019incontro vuole pertanto anche analizzare come la digital health pu\u00f2 contribuire a migliorare la gestione dei pazienti oncologici, favorendo il monitoraggio, la comunicazione medico \u2013 paziente, l\u2019informazione medica e la migliore adesione alle terapie.<\/p>\n<h3>PROGRAMMA<\/h3>\n<p class=\"cvGsUA direction-ltr align-start para-style-body\"><b><span class=\"OYPEnA text-decoration-none text-strikethrough-none\">Saluto delle autorit\u00e0<\/span><\/b><\/p>\n<p class=\"cvGsUA direction-ltr align-start para-style-body\"><b><span class=\"OYPEnA text-decoration-none text-strikethrough-none\">Antonello Aurigemma<\/span><\/b><span class=\"OYPEnA text-decoration-none text-strikethrough-none\">\u00a0\u2013 Presidente del Consiglio Regione Lazio<\/span><\/p>\n<p class=\"cvGsUA direction-ltr align-start para-style-body\"><span class=\"OYPEnA text-decoration-none text-strikethrough-none\">Moderano:<\/span><\/p>\n<p class=\"cvGsUA direction-ltr align-start para-style-body\"><b><span class=\"OYPEnA text-decoration-none text-strikethrough-none\">Aldo Morrone<\/span><\/b><span class=\"OYPEnA text-decoration-none text-strikethrough-none\">\u00a0\u2013 Direttore Scientifico IISMAS \u2013 Istituto Internazionale Scienze Mediche, Antropologiche e Sociali; gi\u00e0 Direttore Scientifico dell\u2019IRCCS IFO San Gallicano<\/span><\/p>\n<p class=\"cvGsUA direction-ltr align-start para-style-body\"><span class=\"OYPEnA text-decoration-none text-strikethrough-none\"><b>Carla Bruschelli<\/b>\u00a0<\/span><span class=\"OYPEnA text-decoration-none text-strikethrough-none\">\u2013 Medico, Docente di Metodologia Clinica integrata e Medicina Interna, La Sapienza Univ. di Roma, Divulgatore Scientifico RAI<\/span><\/p>\n<p class=\"cvGsUA direction-ltr align-start para-style-body\"><span class=\"OYPEnA text-decoration-none text-strikethrough-none\">Intervengono:<\/span><\/p>\n<ul>\n<li><b><span class=\"OYPEnA text-decoration-none text-strikethrough-none\">Andrea Tubaro<\/span><\/b><span class=\"OYPEnA text-decoration-none text-strikethrough-none\">\u00a0\u2013 Docente di Urologia e Direttore della Scuola di Specializzazione in Urologia Sapienza Univ. di Roma, Presidente Onorario del Congresso 2023 SIU \u2013 Societ\u00e0 Italiana di Urologia, Direttore U.O.C. Urologia A.O. Sant\u2019Andrea di Roma<\/span><\/li>\n<li><b><span class=\"OYPEnA text-decoration-none text-strikethrough-none\">Marco Minnetti<\/span><\/b><span class=\"OYPEnA text-decoration-none text-strikethrough-none\">\u00a0\u2013 Responsabile Medico di Diagnostica per Immagini Casa di Cura Nostra Signora della Mercede \u2013 Roma<\/span><\/li>\n<li><b><span class=\"OYPEnA text-decoration-none text-strikethrough-none\">Enrico Finazzi Agr\u00f2<\/span><\/b><span class=\"OYPEnA text-decoration-none text-strikethrough-none\">\u00a0\u2013 Docente di Urologia presso l\u2019Universit\u00e0 degli Studi di Roma \u201cTor Vergata\u201d, Responsabile dell\u2019Unit\u00e0 Operativa di Urologia del Policlinico \u201cTor Vergata\u201d<\/span><\/li>\n<li><span class=\"OYPEnA text-decoration-none text-strikethrough-none\"><b>Giuseppe Tonini<\/b>\u00a0\u2013\u00a0<\/span><span class=\"OYPEnA text-decoration-none text-strikethrough-none\">Coordinatore Scientifico del Comitato Tecnico Scientifico Nazionale LILT<\/span><\/li>\n<li><b><span class=\"OYPEnA text-decoration-none text-strikethrough-none\">Giuseppe Simone<\/span><\/b><span class=\"OYPEnA text-decoration-none text-strikethrough-none\">\u00a0\u2013 Direttore UOC di Urologia dell\u2019IFO Istituto Regina Elena \u2013 Roma<\/span><\/li>\n<li><span class=\"OYPEnA text-decoration-none text-strikethrough-none\"><b>Giuseppe Autera<\/b>\u00a0<\/span><span class=\"OYPEnA text-decoration-none text-strikethrough-none\">\u2013 Consigliere Europa Uomo<\/span><\/li>\n<li><span class=\"OYPEnA text-decoration-none text-strikethrough-none\"><strong>Giuseppe Navanteri<\/strong>\u00a0\u2013 Responsabile Ingegneria clinica e tecnologie e sistemi informatici IFO Istituto Regina Elena<\/span><\/li>\n<\/ul>\n","protected":false},"excerpt":{"rendered":"<p>EVENTO\u00a0 IN PRESENZA \u2013 GRATUITO 10 Ottobre 2023 \u2013 11:00\/13:00 PRESSO SEDE DELLA REGIONE LAZIO,\u00a0 VIA CRISTOFORO COLOMBO, 212 \u2013 SALA TEVERE Promosso da: Con il contributo incondizionato di: &nbsp; CLICCA QUI PER ISCRIVERTI AL CONVEGNO RAZIONALE L\u2019ipertrofia o iperplasia prostatica benigna (BPH o IPB) \u00e8 una patologia caratterizzata dall\u2019aumento di volume della ghiandola prostatica [&hellip;]<\/p>\n","protected":false},"author":3,"featured_media":0,"parent":0,"menu_order":0,"comment_status":"closed","ping_status":"closed","template":"","meta":{"_et_pb_use_builder":"","_et_pb_old_content":"","_et_gb_content_width":""},"_links":{"self":[{"href":"https:\/\/iismas.org\/sito\/wp-json\/wp\/v2\/pages\/3056"}],"collection":[{"href":"https:\/\/iismas.org\/sito\/wp-json\/wp\/v2\/pages"}],"about":[{"href":"https:\/\/iismas.org\/sito\/wp-json\/wp\/v2\/types\/page"}],"author":[{"embeddable":true,"href":"https:\/\/iismas.org\/sito\/wp-json\/wp\/v2\/users\/3"}],"replies":[{"embeddable":true,"href":"https:\/\/iismas.org\/sito\/wp-json\/wp\/v2\/comments?post=3056"}],"version-history":[{"count":9,"href":"https:\/\/iismas.org\/sito\/wp-json\/wp\/v2\/pages\/3056\/revisions"}],"predecessor-version":[{"id":3071,"href":"https:\/\/iismas.org\/sito\/wp-json\/wp\/v2\/pages\/3056\/revisions\/3071"}],"wp:attachment":[{"href":"https:\/\/iismas.org\/sito\/wp-json\/wp\/v2\/media?parent=3056"}],"curies":[{"name":"wp","href":"https:\/\/api.w.org\/{rel}","templated":true}]}}