{"id":3072,"date":"2023-10-13T15:45:12","date_gmt":"2023-10-13T15:45:12","guid":{"rendered":"https:\/\/iismas.org\/sito\/?page_id=3072"},"modified":"2023-10-17T13:24:46","modified_gmt":"2023-10-17T13:24:46","slug":"aderenza-terapeutica-in-cardiologia-quale-risorsa-per-il-contenimento-dei-costi-socio-sanitari","status":"publish","type":"page","link":"https:\/\/iismas.org\/sito\/aderenza-terapeutica-in-cardiologia-quale-risorsa-per-il-contenimento-dei-costi-socio-sanitari\/","title":{"rendered":"ADERENZA TERAPEUTICA IN CARDIOLOGIA QUALE RISORSA PER IL CONTENIMENTO DEI COSTI SOCIO-SANITARI"},"content":{"rendered":"<h2>PROGRAMMA<\/h2>\n<h3><img decoding=\"async\" loading=\"lazy\" class=\"alignnone wp-image-3073\" src=\"https:\/\/iismas.org\/sito\/wp-content\/uploads\/2023\/10\/aderenza-terapeutica-cardiologia1-300x300.webp\" alt=\"aderenza-terapeutica\" width=\"383\" height=\"383\" \/><\/h3>\n<p>Il convegno si svolger\u00e0 il 13 Novembre 2023 \u2013 11:00\/13:00<\/p>\n<h4><b>PRESSO SEDE DELLA REGIONE LAZIO,\u00a0 VIA CRISTOFORO COLOMBO, 212 \u2013 SALA TEVERE<\/b><\/h4>\n<h3>PER ISCRIVERTI <a href=\"https:\/\/www.dreamcom.it\/iscrizione-convegno-aderenza-terapeutica-in-cardiologia\/\">COMPILA IL FORM<\/a><\/h3>\n<div><a href=\"https:\/\/www.dreamcom.it\/wp-content\/uploads\/2023\/08\/Sanit-logo.png\"><img decoding=\"async\" loading=\"lazy\" class=\"alignnone wp-image-99840\" src=\"https:\/\/www.dreamcom.it\/wp-content\/uploads\/2023\/08\/Sanit-logo-300x120.png\" sizes=\"(max-width: 218px) 100vw, 218px\" srcset=\"https:\/\/www.dreamcom.it\/wp-content\/uploads\/2023\/08\/Sanit-logo-300x120.png 300w, https:\/\/www.dreamcom.it\/wp-content\/uploads\/2023\/08\/Sanit-logo.png 400w\" alt=\"sanit logo\" width=\"218\" height=\"87\" \/><\/a><\/div>\n<div>Promosso da:<\/div>\n<p><a href=\"https:\/\/www.dreamcom.it\/wp-content\/uploads\/2023\/06\/Logo-iismas-500-%C3%97-300-px.png\"><img decoding=\"async\" loading=\"lazy\" class=\"alignnone size-medium wp-image-95621\" src=\"https:\/\/www.dreamcom.it\/wp-content\/uploads\/2023\/06\/Logo-iismas-500-%C3%97-300-px-300x180.png\" sizes=\"(max-width: 300px) 100vw, 300px\" srcset=\"https:\/\/www.dreamcom.it\/wp-content\/uploads\/2023\/06\/Logo-iismas-500-\u00d7-300-px-300x180.png 300w, https:\/\/www.dreamcom.it\/wp-content\/uploads\/2023\/06\/Logo-iismas-500-\u00d7-300-px.png 500w\" alt=\"logo IISMAS\" width=\"300\" height=\"180\" \/><\/a><\/p>\n<p><a href=\"https:\/\/www.dreamcom.it\/wp-content\/uploads\/2023\/08\/sapienza-futura.png\"><img decoding=\"async\" loading=\"lazy\" class=\"alignnone size-full wp-image-101993\" src=\"https:\/\/www.dreamcom.it\/wp-content\/uploads\/2023\/08\/sapienza-futura.png\" alt=\"sapienza futura\" width=\"100\" height=\"100\" \/><\/a><\/p>\n<div><\/div>\n<div><\/div>\n<div>Patrocinio Richiesto:<\/div>\n<div><\/div>\n<div><a href=\"https:\/\/www.dreamcom.it\/wp-content\/uploads\/2023\/07\/logo-Regione-Lazio.png\"><img decoding=\"async\" loading=\"lazy\" class=\"alignnone wp-image-97237\" src=\"https:\/\/www.dreamcom.it\/wp-content\/uploads\/2023\/07\/logo-Regione-Lazio-300x100.png\" sizes=\"(max-width: 210px) 100vw, 210px\" srcset=\"https:\/\/www.dreamcom.it\/wp-content\/uploads\/2023\/07\/logo-Regione-Lazio-300x100.png 300w, https:\/\/www.dreamcom.it\/wp-content\/uploads\/2023\/07\/logo-Regione-Lazio-768x256.png 768w, https:\/\/www.dreamcom.it\/wp-content\/uploads\/2023\/07\/logo-Regione-Lazio-600x200.png 600w, https:\/\/www.dreamcom.it\/wp-content\/uploads\/2023\/07\/logo-Regione-Lazio.png 1024w\" alt=\"\" width=\"210\" height=\"70\" \/><\/a><\/div>\n<div><\/div>\n<div>Con il contributo non condizionante di:<\/div>\n<div><\/div>\n<div><a href=\"https:\/\/www.dreamcom.it\/wp-content\/uploads\/2021\/12\/Daiichi_Sankyo.jpg\"><img decoding=\"async\" loading=\"lazy\" class=\"alignnone wp-image-41637\" src=\"https:\/\/www.dreamcom.it\/wp-content\/uploads\/2021\/12\/Daiichi_Sankyo-300x285.jpg\" sizes=\"(max-width: 140px) 100vw, 140px\" srcset=\"https:\/\/www.dreamcom.it\/wp-content\/uploads\/2021\/12\/Daiichi_Sankyo-300x285.jpg 300w, https:\/\/www.dreamcom.it\/wp-content\/uploads\/2021\/12\/Daiichi_Sankyo.jpg 535w\" alt=\"DAIICHI SANKYO LOGO\" width=\"140\" height=\"133\" \/><\/a><\/div>\n<div><\/div>\n<div><a href=\"https:\/\/www.dreamcom.it\/wp-content\/uploads\/2023\/08\/GBSAPRI-logo-giusto-300x60-1.png\"><img decoding=\"async\" loading=\"lazy\" class=\"alignnone wp-image-99728\" src=\"https:\/\/www.dreamcom.it\/wp-content\/uploads\/2023\/08\/GBSAPRI-logo-giusto-300x60-1.png\" alt=\"\" width=\"235\" height=\"47\" \/><\/a><\/div>\n<div><\/div>\n<div>\n<div><a href=\"https:\/\/www.dreamcom.it\/wp-content\/uploads\/2023\/06\/cropped-logo-biomec-512.png\"><img decoding=\"async\" loading=\"lazy\" class=\"alignnone wp-image-95686\" src=\"https:\/\/www.dreamcom.it\/wp-content\/uploads\/2023\/06\/cropped-logo-biomec-512-300x300.png\" sizes=\"(max-width: 139px) 100vw, 139px\" srcset=\"https:\/\/www.dreamcom.it\/wp-content\/uploads\/2023\/06\/cropped-logo-biomec-512-300x300.png 300w, https:\/\/www.dreamcom.it\/wp-content\/uploads\/2023\/06\/cropped-logo-biomec-512-150x150.png 150w, https:\/\/www.dreamcom.it\/wp-content\/uploads\/2023\/06\/cropped-logo-biomec-512-100x100.png 100w, https:\/\/www.dreamcom.it\/wp-content\/uploads\/2023\/06\/cropped-logo-biomec-512.png 512w\" alt=\"\" width=\"127\" height=\"127\" \/><\/a><\/div>\n<div><a href=\"https:\/\/www.dreamcom.it\/wp-content\/uploads\/2023\/08\/Logo-300x123-removebg-preview.png\"><img decoding=\"async\" loading=\"lazy\" class=\"alignnone wp-image-102114\" src=\"https:\/\/www.dreamcom.it\/wp-content\/uploads\/2023\/08\/Logo-300x123-removebg-preview.png\" alt=\"logo legal\" width=\"226\" height=\"93\" \/><\/a><\/div>\n<\/div>\n<div><\/div>\n<div><\/div>\n<h3>RAZIONALE<\/h3>\n<p class=\"cvGsUA direction-ltr align-justify para-style-body\"><span class=\"OYPEnA text-decoration-none text-strikethrough-none\">Nelle terapie croniche, in particolare nelle dislipidemie, \u00e8 stato osservato un preoccupante tasso di abbandono del trattamento, che supera il 40%. Questo fenomeno rappresenta una sfida significativa, poich\u00e9 comporta una serie di conseguenze negative per i pazienti e per il sistema sanitario regionale.<\/span><\/p>\n<p class=\"cvGsUA direction-ltr align-justify para-style-body\"><span class=\"OYPEnA text-decoration-none text-strikethrough-none\">Quando un paziente decide di interrompere la terapia prescritta, l\u2019investimento fatto dalla Regione per fornire il trattamento diventa un costo senza alcun vantaggio. Questo \u00e8 particolarmente problematico nel caso delle dislipidemie, poich\u00e9 si tratta di una condizione medica sintomatica che pu\u00f2 portare a gravi conseguenze, come la formazione di placche arteriose che possono causare eventi come infarto o ictus.<\/span><\/p>\n<p class=\"cvGsUA direction-ltr align-justify para-style-body\"><span class=\"OYPEnA text-decoration-none text-strikethrough-none\">\u00c8 pertanto di fondamentale importanza garantire l\u2019aderenza al trattamento e il raggiungimento degli obiettivi terapeutici prefissati. Questo obiettivo pu\u00f2 essere raggiunto attraverso l\u2019instaurazione di un \u201cpatto terapeutico\u201d tra il Servizio Sanitario Nazionale e il paziente, che comprende sia l\u2019aspetto farmacologico della terapia che l\u2019adozione di uno stile di vita salutare.<\/span><\/p>\n<p class=\"cvGsUA direction-ltr align-justify para-style-body\"><span class=\"OYPEnA text-decoration-none text-strikethrough-none\">Questo patto pu\u00f2 essere considerato quasi \u201ccontrattuale\u201d nella sua natura, in quanto rappresenta un accordo bilaterale di carattere etico tra il medico curante e il paziente. In virt\u00f9 di questo accordo, il medico si impegna a fornire una terapia adeguata e a monitorare attentamente il progresso del paziente, mentre il paziente si impegna a seguire il trattamento prescritto e ad adottare uno stile di vita sano.<\/span><\/p>\n<p class=\"cvGsUA direction-ltr align-justify para-style-body\"><span class=\"OYPEnA text-decoration-none text-strikethrough-none\">Attraverso il mantenimento di questo patto terapeutico, si pu\u00f2 ottenere una significativa riduzione dell\u2019incidenza di eventi avversi correlati alla dislipidemia. In altre parole, garantendo una stretta collaborazione tra medico e paziente, si pu\u00f2 ridurre il rischio di sviluppare complicanze gravi legate alla patologia.<\/span><\/p>\n<p class=\"cvGsUA direction-ltr align-justify para-style-body\"><span class=\"OYPEnA text-decoration-none text-strikethrough-none\">In conclusione, la lotta all\u2019abbandono del trattamento nelle terapie croniche, come le dislipidemie, rappresenta una priorit\u00e0 per garantire sia la salute dei pazienti che l\u2019efficienza del sistema sanitario-regionale.<\/span><\/p>\n<h3>PROGRAMMA<\/h3>\n<p><b>Saluto della autorit\u00e0<\/b><\/p>\n<p><b>On. Antonello Aurigemma<\/b>\u00a0\u2013 Presidente del Consiglio Regione Lazio<\/p>\n<p>Modera:<\/p>\n<ul>\n<li><b>Aldo Morrone<\/b>\u00a0\u2013\u00a0<i>Direttore Scientifico IISMAS \u2013 Istituto Internazionale Scienze Mediche, Antropologiche e Sociali; gi\u00e0 Direttore Scientifico dell\u2019IRCCS IFO San Gallicano<\/i><\/li>\n<\/ul>\n<p><b>Intervengono:<\/b><\/p>\n<ul>\n<li><b>Francesco Fedele<\/b>\u00a0\u2013<i>\u00a0Presidente INRC (Istituto Nazionale Ricerche Cardiovascolari)\u00a0<\/i><\/li>\n<li><span class=\"OYPEnA text-decoration-none text-strikethrough-none\"><b>Furio Colivicchi<\/b>\u00a0<\/span><span class=\"OYPEnA text-decoration-none text-strikethrough-none\">\u2013 Presidente ANMCO (Associazione Nazionale Medici Cardiologi Ospedalieri)<\/span><\/li>\n<li><b><span class=\"OYPEnA text-decoration-none text-strikethrough-none\">Pierluigi Russo\u00a0<\/span><\/b><span class=\"OYPEnA text-decoration-none text-strikethrough-none\">\u2013 Direttore Ufficio Registri di Monitoraggio e Ufficio Valutazioni Economiche AIFA (Agenzia Italiana del Farmaco)<\/span><\/li>\n<li><b><span class=\"OYPEnA text-decoration-none text-strikethrough-none\">Walter Marrocco<\/span><\/b><span class=\"OYPEnA text-decoration-none text-strikethrough-none\">\u00a0\u2013 Responsabile Scientifico FIMMG (Federazione Italiana Medici di Medicina Generale)<\/span><\/li>\n<li><span class=\"OYPEnA text-decoration-none text-strikethrough-none\"><b>Andrea Vianello<\/b>\u00a0<\/span><span class=\"OYPEnA text-decoration-none text-strikethrough-none\">\u2013 Presidente A.L.I.Ce (Associazione per la Lotta all\u2019Ictus Cerebrale)<\/span><\/li>\n<li><b><span class=\"OYPEnA text-decoration-none text-strikethrough-none\">Francesco S. Mennini<\/span><\/b><span class=\"OYPEnA text-decoration-none text-strikethrough-none\">\u00a0\u2013 Docente di Economia Politica ed Economia Sanitaria, Universit\u00e0 degli studi di Roma \u201cTor Vergata\u201d<\/span><\/li>\n<li><b><span class=\"OYPEnA text-decoration-none text-strikethrough-none\">Giuseppe Quintavalle<\/span><\/b><span class=\"OYPEnA text-decoration-none text-strikethrough-none\">\u00a0\u2013 Direttore Generale Policlinico Tor Vergata Roma<\/span><\/li>\n<li><b><span class=\"OYPEnA text-decoration-none text-strikethrough-none\">Elio Rosati<\/span><\/b><span class=\"OYPEnA text-decoration-none text-strikethrough-none\">\u00a0\u2013 Segretario Regionale Cittadinanzattiva Lazio<\/span><\/li>\n<\/ul>\n","protected":false},"excerpt":{"rendered":"<p>PROGRAMMA Il convegno si svolger\u00e0 il 13 Novembre 2023 \u2013 11:00\/13:00 PRESSO SEDE DELLA REGIONE LAZIO,\u00a0 VIA CRISTOFORO COLOMBO, 212 \u2013 SALA TEVERE PER ISCRIVERTI COMPILA IL FORM Promosso da: Patrocinio Richiesto: Con il contributo non condizionante di: RAZIONALE Nelle terapie croniche, in particolare nelle dislipidemie, \u00e8 stato osservato un preoccupante tasso di abbandono del [&hellip;]<\/p>\n","protected":false},"author":3,"featured_media":0,"parent":0,"menu_order":0,"comment_status":"closed","ping_status":"closed","template":"","meta":{"_et_pb_use_builder":"","_et_pb_old_content":"","_et_gb_content_width":""},"_links":{"self":[{"href":"https:\/\/iismas.org\/sito\/wp-json\/wp\/v2\/pages\/3072"}],"collection":[{"href":"https:\/\/iismas.org\/sito\/wp-json\/wp\/v2\/pages"}],"about":[{"href":"https:\/\/iismas.org\/sito\/wp-json\/wp\/v2\/types\/page"}],"author":[{"embeddable":true,"href":"https:\/\/iismas.org\/sito\/wp-json\/wp\/v2\/users\/3"}],"replies":[{"embeddable":true,"href":"https:\/\/iismas.org\/sito\/wp-json\/wp\/v2\/comments?post=3072"}],"version-history":[{"count":8,"href":"https:\/\/iismas.org\/sito\/wp-json\/wp\/v2\/pages\/3072\/revisions"}],"predecessor-version":[{"id":3098,"href":"https:\/\/iismas.org\/sito\/wp-json\/wp\/v2\/pages\/3072\/revisions\/3098"}],"wp:attachment":[{"href":"https:\/\/iismas.org\/sito\/wp-json\/wp\/v2\/media?parent=3072"}],"curies":[{"name":"wp","href":"https:\/\/api.w.org\/{rel}","templated":true}]}}