{"id":3178,"date":"2024-02-16T13:48:00","date_gmt":"2024-02-16T13:48:00","guid":{"rendered":"https:\/\/iismas.org\/sito\/?page_id=3178"},"modified":"2024-02-16T13:52:57","modified_gmt":"2024-02-16T13:52:57","slug":"quale-governance-del-paziente-dislipidemico-nella-regione-lazio-appropriatezza-e-sostenibilita","status":"publish","type":"page","link":"https:\/\/iismas.org\/sito\/quale-governance-del-paziente-dislipidemico-nella-regione-lazio-appropriatezza-e-sostenibilita\/","title":{"rendered":"QUALE GOVERNANCE DEL PAZIENTE DISLIPIDEMICO NELLA REGIONE LAZIO: APPROPRIATEZZA E SOSTENIBILIT\u00c0"},"content":{"rendered":"<p><img decoding=\"async\" loading=\"lazy\" class=\"alignnone wp-image-3179\" src=\"https:\/\/iismas.org\/sito\/wp-content\/uploads\/2024\/02\/PAZIENTE-DISLIPIDEMICO-300x224.png\" alt=\"PAZIENTE-DISLIPIDEMICO\" width=\"374\" height=\"279\" srcset=\"https:\/\/iismas.org\/sito\/wp-content\/uploads\/2024\/02\/PAZIENTE-DISLIPIDEMICO-300x224.png 300w, https:\/\/iismas.org\/sito\/wp-content\/uploads\/2024\/02\/PAZIENTE-DISLIPIDEMICO.png 467w\" sizes=\"(max-width: 374px) 100vw, 374px\" \/><\/p>\n<a href='https:\/\/www.dreamcom.it\/prodotto\/quale-governance-del-paziente-dislipidemico-nella-regione-lazio\/' class='small-button smallblue' target=\"_blank\">CLICCA QUI PER ISCRIVERTI<\/a>\n<div class=\"elementor-element elementor-element-b24d6b8 elementor-widget elementor-widget-heading\" data-id=\"b24d6b8\" data-element_type=\"widget\" data-widget_type=\"heading.default\">\n<div class=\"elementor-widget-container\">\n<h2 class=\"elementor-heading-title elementor-size-default\">CONVEGNO IN PRESENZA<\/h2>\n<h2 class=\"elementor-heading-title elementor-size-default\"><strong style=\"color: #666666; font-size: 14px;\">Gioved\u00ec 7 Marzo dalle 10:00 alle 13:00<\/strong><span style=\"color: #666666; font-size: 14px;\">\u00a0presso\u00a0<\/span><span id=\"yui_3_17_2_1_1707383153144_2251\" style=\"color: #666666; font-size: 14px;\">SALA TIRRENO\u00a0<\/span><span id=\"yui_3_17_2_1_1707383153144_2306\" style=\"color: #666666; font-size: 14px;\">REGIONE LAZIO,\u00a0 Piazza Oderico da Pordenone,15<\/span><\/h2>\n<div><a href=\"https:\/\/www.dreamcom.it\/wp-content\/uploads\/2023\/08\/Sanit-logo.png\"><img decoding=\"async\" loading=\"lazy\" src=\"https:\/\/www.dreamcom.it\/wp-content\/uploads\/2023\/08\/Sanit-logo-300x120.png\" alt=\"sanit logo\" width=\"218\" height=\"87\" \/><\/a><\/div>\n<div>\n<div>Con il patrocinio di:<\/div>\n<div><\/div>\n<div><a href=\"https:\/\/www.dreamcom.it\/wp-content\/uploads\/2023\/07\/logo-Regione-Lazio.png\"><img decoding=\"async\" loading=\"lazy\" class=\"alignnone wp-image-97237\" src=\"https:\/\/www.dreamcom.it\/wp-content\/uploads\/2023\/07\/logo-Regione-Lazio-300x100.png\" sizes=\"(max-width: 210px) 100vw, 210px\" srcset=\"https:\/\/www.dreamcom.it\/wp-content\/uploads\/2023\/07\/logo-Regione-Lazio-300x100.png 300w, https:\/\/www.dreamcom.it\/wp-content\/uploads\/2023\/07\/logo-Regione-Lazio-768x256.png 768w, https:\/\/www.dreamcom.it\/wp-content\/uploads\/2023\/07\/logo-Regione-Lazio-600x200.png 600w, https:\/\/www.dreamcom.it\/wp-content\/uploads\/2023\/07\/logo-Regione-Lazio.png 1024w\" alt=\"\" width=\"210\" height=\"70\" \/><\/a><\/div>\n<div><\/div>\n<\/div>\n<div>Promosso da:<\/div>\n<p><a href=\"https:\/\/www.dreamcom.it\/wp-content\/uploads\/2023\/06\/Logo-iismas-500-%C3%97-300-px.png\"><img decoding=\"async\" loading=\"lazy\" class=\"\" src=\"https:\/\/www.dreamcom.it\/wp-content\/uploads\/2023\/06\/Logo-iismas-500-%C3%97-300-px-300x180.png\" sizes=\"(max-width: 300px) 100vw, 300px\" srcset=\"https:\/\/www.dreamcom.it\/wp-content\/uploads\/2023\/06\/Logo-iismas-500-\u00d7-300-px-300x180.png 300w, https:\/\/www.dreamcom.it\/wp-content\/uploads\/2023\/06\/Logo-iismas-500-\u00d7-300-px.png 500w\" alt=\"logo IISMAS\" width=\"204\" height=\"123\" \/><\/a><\/p>\n<h3><a href=\"https:\/\/sapienzafutura.it\/\"><img decoding=\"async\" loading=\"lazy\" class=\"attachment-large wp-image-101993\" src=\"https:\/\/www.dreamcom.it\/wp-content\/uploads\/2023\/08\/sapienza-futura.png\" alt=\"sapienza futura\" width=\"81\" height=\"81\" \/><\/a><\/h3>\n<p><a href=\"https:\/\/www.capireperprevenire.com\/\"><img decoding=\"async\" loading=\"lazy\" class=\"attachment-large wp-image-117519 alignnone\" src=\"https:\/\/www.dreamcom.it\/wp-content\/uploads\/2024\/02\/logo-capire-per-prevenire-colori.png\" sizes=\"(max-width: 1000px) 100vw, 1000px\" srcset=\"https:\/\/www.dreamcom.it\/wp-content\/uploads\/2024\/02\/logo-capire-per-prevenire-colori.png 1000w, https:\/\/www.dreamcom.it\/wp-content\/uploads\/2024\/02\/logo-capire-per-prevenire-colori-300x169.png 300w, https:\/\/www.dreamcom.it\/wp-content\/uploads\/2024\/02\/logo-capire-per-prevenire-colori-768x432.png 768w, https:\/\/www.dreamcom.it\/wp-content\/uploads\/2024\/02\/logo-capire-per-prevenire-colori-600x337.png 600w\" alt=\"\" width=\"178\" height=\"100\" \/><\/a><\/p>\n<p>Con il contributo incondizionato di:<\/p>\n<p><a href=\"https:\/\/www.dreamcom.it\/wp-content\/uploads\/2021\/12\/Daiichi_Sankyo.jpg\"><img decoding=\"async\" loading=\"lazy\" class=\"alignnone wp-image-41637\" src=\"https:\/\/www.dreamcom.it\/wp-content\/uploads\/2021\/12\/Daiichi_Sankyo-300x285.jpg\" sizes=\"(max-width: 148px) 100vw, 148px\" srcset=\"https:\/\/www.dreamcom.it\/wp-content\/uploads\/2021\/12\/Daiichi_Sankyo-300x285.jpg 300w, https:\/\/www.dreamcom.it\/wp-content\/uploads\/2021\/12\/Daiichi_Sankyo.jpg 535w\" alt=\"DAIICHI SANKYO LOGO\" width=\"121\" height=\"115\" \/><\/a><\/p>\n<h2><strong>RAZIONALE<\/strong><\/h2>\n<div class=\"elementor-element elementor-element-63a8aba e-flex e-con-boxed e-con e-parent\" data-id=\"63a8aba\" data-element_type=\"container\" data-settings=\"{&quot;content_width&quot;:&quot;boxed&quot;}\" data-core-v316-plus=\"true\">\n<div class=\"e-con-inner\">\n<div class=\"elementor-element elementor-element-466f0cd elementor-widget elementor-widget-text-editor\" data-id=\"466f0cd\" data-element_type=\"widget\" data-widget_type=\"text-editor.default\">\n<div class=\"elementor-widget-container\">\n<p>Le malattie cardiovascolari rappresentano una delle principali cause di morbilit\u00e0 e mortalit\u00e0 a livello globale, imponendo una sfida continua alla comunit\u00e0 scientifica e medica. Nel contesto della crescente complessit\u00e0 di queste patologie, la ricerca e l\u2019innovazione nel campo delle terapie sono fondamentali per migliorare l\u2019efficacia dei trattamenti e la qualit\u00e0 della vita dei pazienti.<\/p>\n<p>L\u2019ipercolesterolemia continua a rappresentare una sfida significativa nella gestione delle malattie cardiovascolari, con impatti sostanziali sulla salute pubblica. La prevalenza di livelli elevati di colesterolo \u00e8 in costante aumento, comportando il rischio di eventi cardiovascolari.<\/p>\n<p>Secondo i dati dell\u2019Istituto Superiore di Sanit\u00e0, nella popolazione anziana (uomini e donne di et\u00e0 compresa fra 65 e 74 anni), il 24% degli uomini e il 39% delle donne sono ipercolesterolemici; il 36% degli uomini e il 38% delle donne \u00e8 border line. La prevalenza dell\u2019ipercolesterolemia continua a crescere, parallela all\u2019incidenza sempre pi\u00f9 alta di malattie cardiovascolari, tra cui aterosclerosi, infarto, ictus. \u00c8 imperativo gestire al meglio e il pi\u00f9 precocemente possibile il paziente dislipidemico per ridurre i rischi cardiovascolari.<\/p>\n<p>In questo contesto, il convegno si propone di esplorare la gestione del paziente dislipidemico con particolare attenzione all\u2019appropriatezza terapeutica e alla sostenibilit\u00e0.<\/p>\n<\/div>\n<\/div>\n<div class=\"elementor-element elementor-element-f95a1ce elementor-widget elementor-widget-heading\" data-id=\"f95a1ce\" data-element_type=\"widget\" data-widget_type=\"heading.default\">\n<div class=\"elementor-widget-container\">\n<h2 class=\"elementor-heading-title elementor-size-default\"><strong>PROGRAMMA<\/strong><\/h2>\n<\/div>\n<\/div>\n<\/div>\n<\/div>\n<div class=\"elementor-element elementor-element-f11b104 e-flex e-con-boxed e-con e-parent\" data-id=\"f11b104\" data-element_type=\"container\" data-settings=\"{&quot;content_width&quot;:&quot;boxed&quot;}\" data-core-v316-plus=\"true\">\n<div class=\"e-con-inner\">\n<div class=\"elementor-element elementor-element-bf4f74a e-flex e-con-boxed e-con e-child\" data-id=\"bf4f74a\" data-element_type=\"container\" data-settings=\"{&quot;content_width&quot;:&quot;boxed&quot;}\">\n<div class=\"e-con-inner\">\n<div class=\"elementor-element elementor-element-d73556e elementor-widget elementor-widget-text-editor\" data-id=\"d73556e\" data-element_type=\"widget\" data-widget_type=\"text-editor.default\">\n<div class=\"elementor-widget-container\">\n<p class=\"cvGsUA direction-ltr align-start para-style-body\"><strong><span class=\"OYPEnA text-decoration-none text-strikethrough-none\">Saluto delle autorit\u00e0<\/span><\/strong><\/p>\n<p class=\"cvGsUA direction-ltr align-start para-style-body\"><strong><span class=\"OYPEnA text-decoration-none text-strikethrough-none\">Moderano:<br \/>\n<\/span><\/strong><\/p>\n<ul>\n<li class=\"cvGsUA direction-ltr align-start para-style-body\"><strong><span class=\"OYPEnA text-decoration-none text-strikethrough-none\">Prof. Francesco Prati<\/span><\/strong><span class=\"OYPEnA text-decoration-none text-strikethrough-none\">, Direttore dell\u2019Unit\u00e0 Operativa Complessa Cardiologia d\u2019Urgenza ed Interventistica, Ospedale San Giovanni, Roma; Presidente del Centro per la Lotta contro l\u2019Infarto Fondazione Onlus<\/span><\/li>\n<li class=\"cvGsUA direction-ltr align-start para-style-body\"><strong>Prof. Aldo Morrone<\/strong><span class=\"OYPEnA text-decoration-none text-strikethrough-none\">, Direttore Scientifico IISMAS (Istituto Internazionale di Scienze Mediche, Antropologiche e Sociali)<\/span><\/li>\n<\/ul>\n<p class=\"cvGsUA direction-ltr align-start para-style-body\"><strong><span class=\"OYPEnA text-decoration-none text-strikethrough-none\">Intervengono:<\/span><\/strong><\/p>\n<ul>\n<li class=\"cvGsUA direction-ltr align-start para-style-body\"><strong><span class=\"OYPEnA text-decoration-none text-strikethrough-none\">Dott.ssa Maria Serena Fiore<\/span><\/strong><span class=\"OYPEnA text-decoration-none text-strikethrough-none\">, Presidente FADOI Lazio<\/span><\/li>\n<li class=\"cvGsUA direction-ltr align-start para-style-body\"><strong><span class=\"OYPEnA text-decoration-none text-strikethrough-none\">Prof. Luca Santoro<\/span><\/strong><span class=\"OYPEnA text-decoration-none text-strikethrough-none\">, Presidente Lazio Molise SIMI (Societ\u00e0 Italiana di Medicina Interna)<\/span><\/li>\n<li class=\"cvGsUA direction-ltr align-start para-style-body\"><strong><span class=\"OYPEnA text-decoration-none text-strikethrough-none\">Prof. Nicola Napoli<\/span><\/strong><span class=\"OYPEnA text-decoration-none text-strikethrough-none\">, Docente di Endocrinologia, Membro Comitato Scientifico e Direttore UOC Patologie osteo-metaboliche e della tiroide, Policlinico Universitario Campus Bio-Medico<\/span><\/li>\n<li class=\"cvGsUA direction-ltr align-start para-style-body\"><strong><span class=\"OYPEnA text-decoration-none text-strikethrough-none\">Prof. Antonino Granatelli<\/span><\/strong><span class=\"OYPEnA text-decoration-none text-strikethrough-none\">, Presidente Regionale ANMCO (Associazione Nazionale Medici Cardiologi Ospedalieri)<\/span><\/li>\n<li class=\"cvGsUA direction-ltr align-start para-style-body\"><strong>Prof. Francesco Grigioni<\/strong><span class=\"OYPEnA text-decoration-none text-strikethrough-none\">, Direttore del Centro Nazionale Tecnologie Innovative in Sanit\u00e0 Pubblica e Coordinatore del Nodo Italiano del Tef Health, Membro Gruppo di Studio Cardiopatie Valvolari della SIC (Societ\u00e0 Italiana di Cardiologia)<\/span><\/li>\n<li class=\"cvGsUA direction-ltr align-start para-style-body\"><strong>Prof. Daniele Pastori<\/strong><span class=\"OYPEnA text-decoration-none text-strikethrough-none\">, Presidente Regionale Sezione Lazio SISA (Societ\u00e0 Italiana per lo Studio dell\u2019 Aterosclerosi)<\/span><\/li>\n<li class=\"cvGsUA direction-ltr align-start para-style-body\"><strong>Dott. Vincenzo Fiore<\/strong><span class=\"OYPEnA text-decoration-none text-strikethrough-none\">, Presidente AMD Lazio (Associazione Medici Diabetologi)<\/span><\/li>\n<li class=\"cvGsUA direction-ltr align-start para-style-body\"><strong>Dott.ssa Marzia Mensurati<\/strong><span class=\"OYPEnA text-decoration-none text-strikethrough-none\">, Dirigente Area Farmaci e Dispositivi Regione Lazio<\/span><\/li>\n<li class=\"cvGsUA direction-ltr align-start para-style-body\"><strong>Dott. Pierluigi Russo<\/strong><span class=\"OYPEnA text-decoration-none text-strikethrough-none\">, Direttore Ufficio Registri di Monitoraggio e Ufficio Valutazioni Economiche AIFA<\/span><\/li>\n<li class=\"cvGsUA direction-ltr align-start para-style-body\"><strong>Dott. Fabrizio D\u2019Alba<\/strong><span class=\"OYPEnA text-decoration-none text-strikethrough-none\">, Direttore Generale Policlinico Umberto I<\/span><\/li>\n<li class=\"cvGsUA direction-ltr align-start para-style-body\"><strong>Dott.ssa Emanuela Folco<\/strong><span class=\"OYPEnA text-decoration-none text-strikethrough-none\">, Presidente FIPC (Fondazione Italiana per il Cuore)<\/span><\/li>\n<li class=\"cvGsUA direction-ltr align-start para-style-body\"><strong>Dott.ssa Maria Grazia Celeste<\/strong><span class=\"OYPEnA text-decoration-none text-strikethrough-none\">, Direttrice UOC Farmacia Ospedaliera Policlinico Tor Vergata Roma<\/span><\/li>\n<\/ul>\n<\/div>\n<\/div>\n<\/div>\n<\/div>\n<\/div>\n<\/div>\n<\/div>\n<\/div>\n","protected":false},"excerpt":{"rendered":"<p>CONVEGNO IN PRESENZA Gioved\u00ec 7 Marzo dalle 10:00 alle 13:00\u00a0presso\u00a0SALA TIRRENO\u00a0REGIONE LAZIO,\u00a0 Piazza Oderico da Pordenone,15 Con il patrocinio di: Promosso da: Con il contributo incondizionato di: RAZIONALE Le malattie cardiovascolari rappresentano una delle principali cause di morbilit\u00e0 e mortalit\u00e0 a livello globale, imponendo una sfida continua alla comunit\u00e0 scientifica e medica. Nel contesto della [&hellip;]<\/p>\n","protected":false},"author":3,"featured_media":3179,"parent":0,"menu_order":0,"comment_status":"closed","ping_status":"closed","template":"","meta":{"_et_pb_use_builder":"","_et_pb_old_content":"","_et_gb_content_width":""},"_links":{"self":[{"href":"https:\/\/iismas.org\/sito\/wp-json\/wp\/v2\/pages\/3178"}],"collection":[{"href":"https:\/\/iismas.org\/sito\/wp-json\/wp\/v2\/pages"}],"about":[{"href":"https:\/\/iismas.org\/sito\/wp-json\/wp\/v2\/types\/page"}],"author":[{"embeddable":true,"href":"https:\/\/iismas.org\/sito\/wp-json\/wp\/v2\/users\/3"}],"replies":[{"embeddable":true,"href":"https:\/\/iismas.org\/sito\/wp-json\/wp\/v2\/comments?post=3178"}],"version-history":[{"count":5,"href":"https:\/\/iismas.org\/sito\/wp-json\/wp\/v2\/pages\/3178\/revisions"}],"predecessor-version":[{"id":3190,"href":"https:\/\/iismas.org\/sito\/wp-json\/wp\/v2\/pages\/3178\/revisions\/3190"}],"wp:featuredmedia":[{"embeddable":true,"href":"https:\/\/iismas.org\/sito\/wp-json\/wp\/v2\/media\/3179"}],"wp:attachment":[{"href":"https:\/\/iismas.org\/sito\/wp-json\/wp\/v2\/media?parent=3178"}],"curies":[{"name":"wp","href":"https:\/\/api.w.org\/{rel}","templated":true}]}}