{"id":3196,"date":"2024-03-13T11:34:25","date_gmt":"2024-03-13T11:34:25","guid":{"rendered":"https:\/\/iismas.org\/sito\/?page_id=3196"},"modified":"2024-03-13T11:43:35","modified_gmt":"2024-03-13T11:43:35","slug":"malattie-rare-nella-regione-lazio-dal-nuovo-piano-nazionale-delle-malattie-rare-allinnovazione-terapeutica","status":"publish","type":"page","link":"https:\/\/iismas.org\/sito\/malattie-rare-nella-regione-lazio-dal-nuovo-piano-nazionale-delle-malattie-rare-allinnovazione-terapeutica\/","title":{"rendered":"MALATTIE RARE NELLA REGIONE LAZIO DAL NUOVO PIANO NAZIONALE DELLE MALATTIE RARE ALL\u2019INNOVAZIONE TERAPEUTICA"},"content":{"rendered":"<div class=\"elementor-element elementor-element-cfde0a2 elementor-widget elementor-widget-heading\" data-id=\"cfde0a2\" data-element_type=\"widget\" data-widget_type=\"heading.default\">\n<div class=\"elementor-widget-container\">\n<h2><img decoding=\"async\" loading=\"lazy\" class=\"alignnone wp-image-3197\" src=\"https:\/\/iismas.org\/sito\/wp-content\/uploads\/2024\/03\/malattie-rare-300x224.png\" alt=\"malattie-rare\" width=\"387\" height=\"289\" srcset=\"https:\/\/iismas.org\/sito\/wp-content\/uploads\/2024\/03\/malattie-rare-300x224.png 300w, https:\/\/iismas.org\/sito\/wp-content\/uploads\/2024\/03\/malattie-rare.png 467w\" sizes=\"(max-width: 387px) 100vw, 387px\" \/><\/h2>\n<\/div>\n<\/div>\n<div class=\"elementor-element elementor-element-54c1a74 e-flex e-con-boxed e-con e-child\" data-id=\"54c1a74\" data-element_type=\"container\" data-settings=\"{&quot;content_width&quot;:&quot;boxed&quot;}\">\n<div class=\"e-con-inner\">\n<div class=\"elementor-element elementor-element-71b1e1d e-con-full e-flex e-con e-child\" data-id=\"71b1e1d\" data-element_type=\"container\" data-settings=\"{&quot;content_width&quot;:&quot;full&quot;}\">\n<div class=\"elementor-element elementor-element-85c56b4 elementor-view-default elementor-widget elementor-widget-icon\" data-id=\"85c56b4\" data-element_type=\"widget\" data-widget_type=\"icon.default\">\n<div class=\"elementor-widget-container\">\n<div class=\"elementor-icon-wrapper\">\n<div>\n<h3>EVENTO IN PRESENZA<\/h3>\n<h4><a href=\"https:\/\/www.dreamcom.it\/iscrizione-convegno-malattie-rare-nella-regione-lazio-14-marzo-2024\/\">CLICCA QUI PER ISCRIVERTI<\/a><\/h4>\n<section data-id=\"fc3735a\" data-element_type=\"section\">\n<div data-id=\"f45e230\" data-element_type=\"column\">\n<div data-id=\"f70ae7f\" data-element_type=\"widget\" data-widget_type=\"text-editor.default\">\n<h3>14\/03\/24 DALLE 11:00 ALLE 13:00<\/h3>\n<p>presso SALA TEVERE REGIONE LAZIO,\u00a0 via C. Colombo 212<\/p>\n<\/div>\n<\/div>\n<\/section>\n<\/div>\n<div><a href=\"https:\/\/www.dreamcom.it\/wp-content\/uploads\/2023\/08\/Sanit-logo.png\"><img decoding=\"async\" loading=\"lazy\" src=\"https:\/\/www.dreamcom.it\/wp-content\/uploads\/2023\/08\/Sanit-logo-300x120.png\" alt=\"sanit logo\" width=\"218\" height=\"87\" \/><\/a><\/div>\n<div>\n<div>Con il patrocinio di:<\/div>\n<div><\/div>\n<div><a href=\"https:\/\/www.dreamcom.it\/wp-content\/uploads\/2023\/07\/logo-Regione-Lazio.png\"><img decoding=\"async\" loading=\"lazy\" src=\"https:\/\/www.dreamcom.it\/wp-content\/uploads\/2023\/07\/logo-Regione-Lazio-300x100.png\" sizes=\"(max-width: 210px) 100vw, 210px\" srcset=\"https:\/\/www.dreamcom.it\/wp-content\/uploads\/2023\/07\/logo-Regione-Lazio-300x100.png 300w, https:\/\/www.dreamcom.it\/wp-content\/uploads\/2023\/07\/logo-Regione-Lazio-768x256.png 768w, https:\/\/www.dreamcom.it\/wp-content\/uploads\/2023\/07\/logo-Regione-Lazio-600x200.png 600w, https:\/\/www.dreamcom.it\/wp-content\/uploads\/2023\/07\/logo-Regione-Lazio.png 1024w\" alt=\"\" width=\"210\" height=\"70\" \/><\/a><\/div>\n<div><\/div>\n<\/div>\n<div>Promosso da:<\/div>\n<p><a href=\"https:\/\/www.dreamcom.it\/wp-content\/uploads\/2023\/06\/Logo-iismas-500-%C3%97-300-px.png\"><img decoding=\"async\" loading=\"lazy\" src=\"https:\/\/www.dreamcom.it\/wp-content\/uploads\/2023\/06\/Logo-iismas-500-%C3%97-300-px-300x180.png\" sizes=\"(max-width: 300px) 100vw, 300px\" srcset=\"https:\/\/www.dreamcom.it\/wp-content\/uploads\/2023\/06\/Logo-iismas-500-\u00d7-300-px-300x180.png 300w, https:\/\/www.dreamcom.it\/wp-content\/uploads\/2023\/06\/Logo-iismas-500-\u00d7-300-px.png 500w\" alt=\"logo IISMAS\" width=\"204\" height=\"123\" \/><\/a><\/p>\n<h3><a href=\"https:\/\/sapienzafutura.it\/\"><img decoding=\"async\" loading=\"lazy\" src=\"https:\/\/www.dreamcom.it\/wp-content\/uploads\/2023\/08\/sapienza-futura.png\" alt=\"sapienza futura\" width=\"81\" height=\"81\" \/><\/a><\/h3>\n<p><a href=\"https:\/\/www.capireperprevenire.com\/\"><img decoding=\"async\" loading=\"lazy\" src=\"https:\/\/www.dreamcom.it\/wp-content\/uploads\/2024\/02\/logo-capire-per-prevenire-colori.png\" sizes=\"(max-width: 1000px) 100vw, 1000px\" srcset=\"https:\/\/www.dreamcom.it\/wp-content\/uploads\/2024\/02\/logo-capire-per-prevenire-colori.png 1000w, https:\/\/www.dreamcom.it\/wp-content\/uploads\/2024\/02\/logo-capire-per-prevenire-colori-300x169.png 300w, https:\/\/www.dreamcom.it\/wp-content\/uploads\/2024\/02\/logo-capire-per-prevenire-colori-768x432.png 768w, https:\/\/www.dreamcom.it\/wp-content\/uploads\/2024\/02\/logo-capire-per-prevenire-colori-600x337.png 600w\" alt=\"\" width=\"178\" height=\"100\" \/><\/a><\/p>\n<p>Con il contributo incondizionato di:<\/p>\n<p><img decoding=\"async\" loading=\"lazy\" src=\"https:\/\/www.dreamcom.it\/wp-content\/uploads\/2023\/04\/WhatsApp-Image-2023-04-21-at-11.35.03.jpeg\" sizes=\"(max-width: 447px) 100vw, 447px\" srcset=\"https:\/\/www.dreamcom.it\/wp-content\/uploads\/2023\/04\/WhatsApp-Image-2023-04-21-at-11.35.03.jpeg 447w, https:\/\/www.dreamcom.it\/wp-content\/uploads\/2023\/04\/WhatsApp-Image-2023-04-21-at-11.35.03-300x116.jpeg 300w\" alt=\"\" width=\"179\" height=\"69\" \/><\/p>\n<p><img decoding=\"async\" loading=\"lazy\" src=\"https:\/\/www.dreamcom.it\/wp-content\/uploads\/2023\/08\/GBSAPRI-logo-giusto-300x60-1.png\" alt=\"\" width=\"191\" height=\"38\" \/><\/p>\n<p><img decoding=\"async\" loading=\"lazy\" src=\"https:\/\/www.dreamcom.it\/wp-content\/uploads\/2023\/08\/Logo-300x123-removebg-preview.png\" alt=\"logo legal\" width=\"202\" height=\"83\" \/><\/p>\n<h4><\/h4>\n<\/div>\n<div class=\"elementor-icon-wrapper\">\n<div class=\"elementor-element elementor-element-da25d10 e-flex e-con-boxed e-con e-parent\" data-id=\"da25d10\" data-element_type=\"container\" data-settings=\"{&quot;content_width&quot;:&quot;boxed&quot;}\" data-core-v316-plus=\"true\">\n<div class=\"e-con-inner\">\n<div class=\"elementor-element elementor-element-52f0c3d e-flex e-con-boxed e-con e-child\" data-id=\"52f0c3d\" data-element_type=\"container\" data-settings=\"{&quot;content_width&quot;:&quot;boxed&quot;}\">\n<div class=\"e-con-inner\">\n<div class=\"elementor-element elementor-element-94ed8f4 elementor-widget elementor-widget-heading\" data-id=\"94ed8f4\" data-element_type=\"widget\" data-widget_type=\"heading.default\">\n<div class=\"elementor-widget-container\">\n<h2 class=\"elementor-heading-title elementor-size-default\">RAZIONALE<\/h2>\n<\/div>\n<\/div>\n<div class=\"elementor-element elementor-element-3a6229f elementor-widget elementor-widget-text-editor\" data-id=\"3a6229f\" data-element_type=\"widget\" data-widget_type=\"text-editor.default\">\n<div class=\"elementor-widget-container\">\n<p>Il termine \u201cmalattie rare\u201d si riferisce a patologie che colpiscono un numero limitato di persone rispetto alla popolazione generale. In Europa, una malattia \u00e8 considerata rara quando colpisce meno di 1 persona su 2000. Nonostante la singolarit\u00e0 di ogni patologia, collettivamente queste malattie coinvolgono milioni di persone nel mondo.<\/p>\n<p>Le malattie rare presentano sfide uniche legate alla diagnosi, al trattamento e alla gestione clinica. Infatti, la rarit\u00e0 di queste patologie implica spesso una mancanza di consapevolezza e comprensione sia tra i pazienti che tra gli operatori sanitari. Tuttavia, la loro rilevanza \u00e8 enorme per chi ne \u00e8 colpito, presentando sfide uniche e richiedendo un approccio specialistico in grado di affrontarne la complessit\u00e0.<\/p>\n<p>Molte malattie rare sono genetiche, rendendo la diagnosi spesso un intricato labirinto di test genetici e consultazioni specialistiche. La mancanza di conoscenze consolidate su queste patologie pu\u00f2 ritardare la diagnosi, influenzando negativamente il percorso terapeutico. La rarit\u00e0 di queste patologie spesso si traduce, inoltre, in una limitata comprensione della loro fisiopatologia e nella mancanza di opzioni terapeutiche specifiche.<\/p>\n<p>La ricerca scientifica svolge un ruolo centrale nella comprensione e nel trattamento delle malattie rare. Le recenti scoperte scientifiche e tecnologiche, come la terapia genica e la medicina di precisione, stanno aprendo nuove prospettive. Tuttavia, l\u2019accesso a tali terapie rimane spesso limitato, sia a causa dei costi elevati che della necessit\u00e0 di una maggiore comprensione delle caratteristiche molecolari specifiche di ciascuna malattia rara. Inoltre l\u2019Intelligenza Artificiale (AI) pu\u00f2 rappresentare un ulteriore sviluppo per la diagnosi precoce e la ricerca di farmaci specifici.\u00a0 Molte di queste patologie colpiscono i bambini, creando sfide uniche per le famiglie e per il sistema sanitario. Inoltre, il carico finanziario associato alla gestione delle malattie rare pu\u00f2 essere opprimente, richiedendo sforzi congiunti per sviluppare soluzioni sostenibili.<\/p>\n<p>La promozione di una maggiore collaborazione, l\u2019accesso equo alle terapie e un investimento sostenuto nella ricerca sono chiavi fondamentali per promuovere una migliore qualit\u00e0 di vita per coloro che convivono con una malattia rara. Solo attraverso un approccio integrato, che coinvolga ricerca, istituzioni sanitarie, organizzazioni dei pazienti e la societ\u00e0 nel suo insieme, possiamo sperare di far emergere queste malattie dall\u2019ombra e fornire soluzioni concrete per coloro che ne sono colpiti.<\/p>\n<p>Il convegno vuole riunire esperti del settore, clinici, rappresentanti istituzionali e delle associazioni dei pazienti e dei cittadini, per discutere le ultime innovazioni scientifiche, i nuovi protocolli terapeutici e le strategie emergenti nel trattamento delle malattie rare.<\/p>\n<p>Il convegno rappresenta inoltre l\u2019opportunit\u00e0 per la creazione di un documento finale per la corretta analisi dei PDTA e la promozione di un modello di rete per la presa in carico dei pazienti affetti da malattie rare.<\/p>\n<\/div>\n<\/div>\n<div class=\"elementor-element elementor-element-a08e641 elementor-widget elementor-widget-heading\" data-id=\"a08e641\" data-element_type=\"widget\" data-widget_type=\"heading.default\">\n<div class=\"elementor-widget-container\">\n<h2 class=\"elementor-heading-title elementor-size-default\">PROGRAMMA<\/h2>\n<\/div>\n<\/div>\n<\/div>\n<\/div>\n<\/div>\n<\/div>\n<div class=\"elementor-element elementor-element-0d2827a e-flex e-con-boxed e-con e-parent\" data-id=\"0d2827a\" data-element_type=\"container\" data-settings=\"{&quot;content_width&quot;:&quot;boxed&quot;}\" data-core-v316-plus=\"true\">\n<div class=\"e-con-inner\">\n<div class=\"elementor-element elementor-element-8536ad2 e-flex e-con-boxed e-con e-child\" data-id=\"8536ad2\" data-element_type=\"container\" data-settings=\"{&quot;content_width&quot;:&quot;boxed&quot;}\">\n<div class=\"e-con-inner\">\n<div class=\"elementor-element elementor-element-14e2131 e-flex e-con-boxed e-con e-child\" data-id=\"14e2131\" data-element_type=\"container\" data-settings=\"{&quot;content_width&quot;:&quot;boxed&quot;}\">\n<div class=\"e-con-inner\">\n<div class=\"elementor-element elementor-element-1fa1331 elementor-widget elementor-widget-text-editor\" data-id=\"1fa1331\" data-element_type=\"widget\" data-widget_type=\"text-editor.default\">\n<div class=\"elementor-widget-container\">\n<p><strong>Saluti istituzionali\u00a0<\/strong><\/p>\n<ul>\n<li><strong>Francesco Rocca*\u00a0<\/strong>(Presidente della Regione Lazio)<\/li>\n<li><strong>Alessio Nardini\u00a0<\/strong>(Direttore Generale dell\u2019Unit\u00e0 missione per il Pnrr del Ministero della Salute)<\/li>\n<li><strong>Beatrice Lorenzin\u00a0<\/strong>(Senatrice della Repubblica, gi\u00e0 Ministro della Salute)<\/li>\n<li><strong><span class=\"OYPEnA text-decoration-none text-strikethrough-none\">Paola Binetti\u00a0<\/span><\/strong><span class=\"OYPEnA text-decoration-none text-strikethrough-none\">(gi\u00e0 Presidente Intergruppo Parlamentare Malattie Rare nella XVIII Legislatura)<\/span><\/li>\n<li><strong>Fabio De Lillo\u00a0<\/strong>(Responsabile Coordinamento attivit\u00e0 strategiche spesa farmaceutica Regione Lazio)<\/li>\n<li><strong><span class=\"OYPEnA text-decoration-none text-strikethrough-none\">Fabrizio d\u2019Alba<\/span><\/strong><span class=\"OYPEnA text-decoration-none text-strikethrough-none\">\u00a0(Direttore Generale Policlinico Umberto I, Roma)<\/span><\/li>\n<\/ul>\n<p><strong>Moderano:<\/strong><\/p>\n<ul>\n<li><strong>Prof. Aldo Morrone<\/strong>\u00a0(Direttore Scientifico IISMAS (Istituto Internazionale di Scienze Mediche, Antropologiche e Sociali)<\/li>\n<\/ul>\n<p><strong>Intervengono:<\/strong><\/p>\n<ul>\n<li><strong><span class=\"OYPEnA text-decoration-none text-strikethrough-none\">Claudio Liguori<\/span><\/strong><span class=\"OYPEnA text-decoration-none text-strikethrough-none\">\u00a0(Referente Clinico per Malattia Rara \u2013 Sindrome di Lennox-Gastaut, Policlinico Tor Vergata)<\/span><\/li>\n<li><strong><span class=\"OYPEnA text-decoration-none text-strikethrough-none\">Costanza Martinelli\u00a0<\/span><\/strong><span class=\"OYPEnA text-decoration-none text-strikethrough-none\">(APACS Lazio \u2013 Associazione Pazienti Sindrome Churg Strauss)<\/span><\/li>\n<li><strong><span class=\"OYPEnA text-decoration-none text-strikethrough-none\">Cristiano Caruso\u00a0<\/span><\/strong><span class=\"OYPEnA text-decoration-none text-strikethrough-none\">(Allergologo e Immunologo presso Policlinico Gemelli di Roma, appartenente al Centro di Eccellenza di Malattie Gastrointestinali e Endocrino-Metaboliche del Fatebenefratelli Isola Tiberina)<\/span><\/li>\n<li><strong><span class=\"OYPEnA text-decoration-none text-strikethrough-none\">Deborah Diso\u00a0<\/span><\/strong><span class=\"OYPEnA text-decoration-none text-strikethrough-none\">(Referente Progetti Istituzionali dell\u2019Associazione Respiriamo Insieme APS)<\/span><\/li>\n<li><strong><span class=\"OYPEnA text-decoration-none text-strikethrough-none\">Elio Rosati<\/span><\/strong><span class=\"OYPEnA text-decoration-none text-strikethrough-none\">\u00a0(Segretario Regionale Cittadinanzattiva Lazio)<\/span><\/li>\n<li><strong><span class=\"OYPEnA text-decoration-none text-strikethrough-none\">Fabrizio Farnetani\u00a0<\/span><\/strong><span class=\"OYPEnA text-decoration-none text-strikethrough-none\">(Delegato Regionale UNIAMO FIMR Onlus \u2013 Federazione Italiana Malattie Rare)<\/span><\/li>\n<li><strong><span class=\"OYPEnA text-decoration-none text-strikethrough-none\">Francesco Macchia<\/span><\/strong><span class=\"OYPEnA text-decoration-none text-strikethrough-none\">\u00a0(Vicedirettore OMAR \u2013 Osservatorio Malattie Rare)<\/span><\/li>\n<li><strong><span class=\"OYPEnA text-decoration-none text-strikethrough-none\">Marco Silano<\/span><\/strong><span class=\"OYPEnA text-decoration-none text-strikethrough-none\">\u00a0(Direttore Centro Nazionale Malattie Rare \u2013 Istituto Superiore di Sanit\u00e0)<\/span><\/li>\n<li><strong><span class=\"OYPEnA text-decoration-none text-strikethrough-none\">Marzia Mensurati\u00a0<\/span><\/strong><span class=\"OYPEnA text-decoration-none text-strikethrough-none\">(Dirigente Area Farmaci e Dispositivi Regione Lazio)<\/span><\/li>\n<li><strong><span class=\"OYPEnA text-decoration-none text-strikethrough-none\">Luca Navarini<\/span><\/strong><span class=\"OYPEnA text-decoration-none text-strikethrough-none\">\u00a0(Medico UOC Immunoreumatologia, Policlinico Universitario Campus Bio-Medico, Roma)<\/span><\/li>\n<li><strong><span class=\"OYPEnA text-decoration-none text-strikethrough-none\">Pierluigi Russo<\/span><\/strong><span class=\"OYPEnA text-decoration-none text-strikethrough-none\">\u00a0(Direttore tecnico scientifico AIFA \u2013 Agenzia Italiana del Farmaco)<\/span><\/li>\n<li><span class=\"OYPEnA text-decoration-none text-strikethrough-none\"><strong>Roberto Posci<\/strong>a<\/span><span class=\"OYPEnA text-decoration-none text-strikethrough-none\">\u00a0(Direttore Centro Interdipartimentale Malattie Rare AOU Policlinico Umberto I, Roma)<\/span><\/li>\n<li><strong><span class=\"OYPEnA text-decoration-none text-strikethrough-none\">Virginia Ferraresi<\/span><\/strong><span class=\"OYPEnA text-decoration-none text-strikethrough-none\">\u00a0(Responsabile UOSD Sarcomi e Tumori Rari Istituto Regina Elena, Roma)<\/span><\/li>\n<\/ul>\n<\/div>\n<\/div>\n<\/div>\n<\/div>\n<\/div>\n<\/div>\n<\/div>\n<\/div>\n<\/div>\n<\/div>\n<\/div>\n<\/div>\n<\/div>\n<\/div>\n","protected":false},"excerpt":{"rendered":"<p>EVENTO IN PRESENZA CLICCA QUI PER ISCRIVERTI 14\/03\/24 DALLE 11:00 ALLE 13:00 presso SALA TEVERE REGIONE LAZIO,\u00a0 via C. Colombo 212 Con il patrocinio di: Promosso da: Con il contributo incondizionato di: RAZIONALE Il termine \u201cmalattie rare\u201d si riferisce a patologie che colpiscono un numero limitato di persone rispetto alla popolazione generale. In Europa, una [&hellip;]<\/p>\n","protected":false},"author":3,"featured_media":3197,"parent":0,"menu_order":0,"comment_status":"closed","ping_status":"closed","template":"","meta":{"_et_pb_use_builder":"","_et_pb_old_content":"","_et_gb_content_width":""},"_links":{"self":[{"href":"https:\/\/iismas.org\/sito\/wp-json\/wp\/v2\/pages\/3196"}],"collection":[{"href":"https:\/\/iismas.org\/sito\/wp-json\/wp\/v2\/pages"}],"about":[{"href":"https:\/\/iismas.org\/sito\/wp-json\/wp\/v2\/types\/page"}],"author":[{"embeddable":true,"href":"https:\/\/iismas.org\/sito\/wp-json\/wp\/v2\/users\/3"}],"replies":[{"embeddable":true,"href":"https:\/\/iismas.org\/sito\/wp-json\/wp\/v2\/comments?post=3196"}],"version-history":[{"count":8,"href":"https:\/\/iismas.org\/sito\/wp-json\/wp\/v2\/pages\/3196\/revisions"}],"predecessor-version":[{"id":3199,"href":"https:\/\/iismas.org\/sito\/wp-json\/wp\/v2\/pages\/3196\/revisions\/3199"}],"wp:featuredmedia":[{"embeddable":true,"href":"https:\/\/iismas.org\/sito\/wp-json\/wp\/v2\/media\/3197"}],"wp:attachment":[{"href":"https:\/\/iismas.org\/sito\/wp-json\/wp\/v2\/media?parent=3196"}],"curies":[{"name":"wp","href":"https:\/\/api.w.org\/{rel}","templated":true}]}}