{"id":3253,"date":"2024-04-19T14:59:31","date_gmt":"2024-04-19T14:59:31","guid":{"rendered":"https:\/\/iismas.org\/sito\/?page_id=3253"},"modified":"2024-04-19T14:59:58","modified_gmt":"2024-04-19T14:59:58","slug":"9-edizione-tropical-neglected-diseases-or-tropical-diseases-in-neglected-people","status":"publish","type":"page","link":"https:\/\/iismas.org\/sito\/9-edizione-tropical-neglected-diseases-or-tropical-diseases-in-neglected-people\/","title":{"rendered":"9\u00b0 Edizione &#8211; TROPICAL NEGLECTED DISEASES OR TROPICAL DISEASES IN NEGLECTED PEOPLE?"},"content":{"rendered":"<p><img decoding=\"async\" loading=\"lazy\" class=\"alignnone wp-image-3226\" src=\"https:\/\/iismas.org\/sito\/wp-content\/uploads\/2024\/04\/4-300x233.jpeg\" alt=\"\" width=\"348\" height=\"270\" \/><\/p>\n<p>Dal 18 al 22 Marzo 2024 si \u00e8 svolta la 9\u00b0 Edizione del Congresso Internazionale <strong>&#8220;TROPICAL NEGLECTED DISEASES OR TROPICAL DISEASES IN NEGLECTED PEOPLE?&#8221; <\/strong>in Etiopia.<\/p>\n<p>&#8220;Non solo relazioni scientifiche, ma anche intense giornate a visitare donne, bambini e anziani che ormai sopravvivono nei campi di sfollati.<\/p>\n<div dir=\"auto\">Abbiamo visitato uno dei campi pi\u00f9 numerosi del Tigray. La gente ci accoglieva prima timidamente, quasi con sospetto, ma poi la presenza di tanti operatori locali ben conosciuti, scioglieva ogni timore.<\/div>\n<div dir=\"auto\">Mano a mano che li visitavo e ascoltavo le loro storie e toccavo i loro corpi, mi chiedevo che senso avesse provare a curare malattie la cui causa era la vita che avevano nei campi: sovraffollati, senza acqua potabile, cibo, medicine, che senso avesse \u201cperdere tempo\u201d con loro?<\/div>\n<div dir=\"auto\">Sentivo una indignazione profonda. Ma come si pu\u00f2 lasciar vivere, o meglio sopravvivere le persone in queste condizioni umilianti? \u00c8 possibile lavorare, essere un medico e per giunta specialista, in queste condizioni?<\/div>\n<div dir=\"auto\">Poi mi accorgevo dell\u2019impegno delle persone che ci aiutavano a parlare con loro, a spogliarli, a tranquillizzare i bambini. E allora guardavo meglio i loro occhi, accarezzavo le mani e cercavo una diagnosi e una terapia. Lentamente tutto il campo ha percepito una sorta di opportunit\u00e0 di benessere e ne sono arrivati tanti. E allora anch\u2019io ho cominciato a scoprire i loro sorrisi che prima non vedevo.<\/div>\n<div dir=\"auto\">Forse non era cos\u00ec inutile stare l\u00ec a visitarli senza strumenti tecnologici.<\/div>\n<div dir=\"auto\">Mi sembrava di capire finalmente l\u2019abisso tra la ricerca scientifica dei paesi ricchi, che produce farmaci per curare malattie e diagnosticare le stesse malattie, in pazienti che non riceveranno mai quei farmaci perch\u00e9 troppo costosi. Ma la guerra fa scomparire anche i farmaci a pi\u00f9 basso costo perch\u00e9 non convenienti da produrre.<\/div>\n<div dir=\"auto\">Per\u00f2 i sorrisi delle donne e dei bambini sembravano far passare in secondo piano queste considerazioni e trasformare la \u201cbanalit\u00e0 del male\u201d, intuita da Hannah Arednt, in un arcobaleno di carezze, pianti, giochi e speranze.<\/div>\n<div dir=\"auto\">Queste persone mi avevano fatto capire che essere medico, \u00e8 un privilegio indipendente da dove ci si trova: proprio l\u00ec nel deserto di un campo di sfollati, era il senso. E quelle stanze disadorne, fatte di lamiere, si sono trasformate per poche ore nella migliore clinica del mondo.<\/div>\n<div dir=\"auto\">Volevo chiedere scusa per i miei pensieri sull\u2019 inutilit\u00e0 del nostro lavoro.<\/div>\n<div dir=\"auto\">Ogni essere umano, in qualunque condizione dovesse trovarsi, ha diritto a tutta l\u2019attenzione possibile, con tenerezza e professionalit\u00e0.&#8221;<\/div>\n<div dir=\"auto\"><\/div>\n<div dir=\"auto\">Prof. Aldo Morrone<\/div>\n<div dir=\"auto\"><\/div>\n<div dir=\"auto\"><\/div>\n","protected":false},"excerpt":{"rendered":"<p>Dal 18 al 22 Marzo 2024 si \u00e8 svolta la 9\u00b0 Edizione del Congresso Internazionale &#8220;TROPICAL NEGLECTED DISEASES OR TROPICAL DISEASES IN NEGLECTED PEOPLE?&#8221; in Etiopia. &#8220;Non solo relazioni scientifiche, ma anche intense giornate a visitare donne, bambini e anziani che ormai sopravvivono nei campi di sfollati. Abbiamo visitato uno dei campi pi\u00f9 numerosi del [&hellip;]<\/p>\n","protected":false},"author":3,"featured_media":0,"parent":0,"menu_order":0,"comment_status":"closed","ping_status":"closed","template":"","meta":{"_et_pb_use_builder":"","_et_pb_old_content":"","_et_gb_content_width":""},"_links":{"self":[{"href":"https:\/\/iismas.org\/sito\/wp-json\/wp\/v2\/pages\/3253"}],"collection":[{"href":"https:\/\/iismas.org\/sito\/wp-json\/wp\/v2\/pages"}],"about":[{"href":"https:\/\/iismas.org\/sito\/wp-json\/wp\/v2\/types\/page"}],"author":[{"embeddable":true,"href":"https:\/\/iismas.org\/sito\/wp-json\/wp\/v2\/users\/3"}],"replies":[{"embeddable":true,"href":"https:\/\/iismas.org\/sito\/wp-json\/wp\/v2\/comments?post=3253"}],"version-history":[{"count":2,"href":"https:\/\/iismas.org\/sito\/wp-json\/wp\/v2\/pages\/3253\/revisions"}],"predecessor-version":[{"id":3256,"href":"https:\/\/iismas.org\/sito\/wp-json\/wp\/v2\/pages\/3253\/revisions\/3256"}],"wp:attachment":[{"href":"https:\/\/iismas.org\/sito\/wp-json\/wp\/v2\/media?parent=3253"}],"curies":[{"name":"wp","href":"https:\/\/api.w.org\/{rel}","templated":true}]}}