{"id":3272,"date":"2024-04-19T15:25:22","date_gmt":"2024-04-19T15:25:22","guid":{"rendered":"https:\/\/iismas.org\/sito\/?page_id=3272"},"modified":"2024-04-19T15:25:27","modified_gmt":"2024-04-19T15:25:27","slug":"atlante-di-dermatologia-tropicale","status":"publish","type":"page","link":"https:\/\/iismas.org\/sito\/atlante-di-dermatologia-tropicale\/","title":{"rendered":"ATLANTE DI DERMATOLOGIA TROPICALE"},"content":{"rendered":"<p><img decoding=\"async\" loading=\"lazy\" class=\"alignnone wp-image-3271\" src=\"https:\/\/iismas.org\/sito\/wp-content\/uploads\/2024\/04\/dermatologia-tropicale-213x300.jpeg\" alt=\"dermatologia tropicale\" width=\"271\" height=\"382\" \/><\/p>\n<h3><strong>ATLANTE DI DERMATOLOGIA TROPICALE<\/strong><\/h3>\n<h4>DESCRIPTION<\/h4>\n<p>La Dermatologia Tropicale \u00e8 storicamente una branca della medicina che si occupa della patologia dermo-venereologica cos\u00ec come si osserva nei Paesi tropicali e subtropicali, dove le malattie cutanee e sessualmente trasmissibili rappresentano ancora oggi il maggiore problema di salute pubblica, a causa di fattori climatici, differenze etniche e culturali, ma soprattutto per le drammatiche condizioni di impoverimento socioeconomico e di degrado igienico-sanitario che si osservano nelle regioni rurali pi\u00f9 remote, spesso scenario anche di guerre e conflitti. Il fenomeno migratorio che ha investito l&#8217;Europa negli ultimi 40 anni ha per\u00f2 aumentato il rischio di importazione di nuovi patogeni e di nuove affezioni cutanee anche nei paesi industrializzati, con la diffusione di patologie ormai quasi ubiquitarie, resa possibile dagli spostamenti sempre pi\u00f9 rapidi di grandi masse di popolazione da una parte all&#8217;altra del pianeta, come ha confermato su scala mondiale la pandemia da SARS-CoV-2.<\/p>\n<p>Per queste ragioni la Dermatologia Tropicale assume oggi un ruolo significativo nello studio di malattie e infezioni che prima si credevano confinate nelle regioni tropicali ed equatoriali. Uno studio pi\u00f9 ampio e strutturato rispetto al passato, che comprende la dermatologia tropicale classica come \u00e8 stata fino ad oggi intesa, ma anche la dermatologia da migrazioni e la dermatologia dei grandi viaggi, la cosiddetta Travel Dermatology. La disciplina \u00e8 chiamata a confrontarsi oggi con una realt\u00e0 sociale e clinica pi\u00f9 complessa, con le diverse patologie cutanee infettive, infiammatorie e neoplastiche presenti nelle popolazioni che vivono nei Paesi in Via di Sviluppo, ma anche con le vecchie e nuove malattie cutanee che colpiscono quelle stesse popolazioni quando migrano in aree geografiche lontane dai tropici. L&#8217;Atlante vuole essere quindi uno strumento vivo nelle mani del dermatologo e di tutti i ricercatori clinici e sperimentali per lo studio delle principali patologie tropicali e l&#8217;individuazione delle loro caratteristiche eziopatogenetiche, cliniche e terapeutiche. Oltre 800 foto inedite a colori e una presentazione di brevi casi clinici osservati, arricchiscono il volume.<\/p>\n<h4>ABOUT THE AUTHOR<\/h4>\n<p>Aldo Morrone \u00e8 un medico, appassionato della ricerca scientifica e della tutela della salute e dignit\u00e0 di ogni essere umano in qualunque Paese del mondo si trovi a vivere. Attualmente \u00e8 Direttore Scientifico dell\u2019Istituto Dermatologico San Gallicano (IRCCS), il primo ospedale nel mondo per lo studio e la cura delle malattie cutanee e veneree, fondato a Roma, nel 1725 da Papa Benedetto XIII. Esperto di Dermatologia Tropicale e Infettivologica, Medicina delle Migrazioni e della Povert\u00e0, \u00e8 stato fondatore e primo Direttore Generale dell\u2019Istituto Nazionale Migrazioni e Povert\u00e0 (INMP), Direttore Generale dell\u2019Azienda Ospedaliera San Camillo Forlanini di Roma e Presidente dell\u2019Istituto Mediterraneo di Ematologia (IME). \u00c8 stato uno dei fondatori dell\u2019International Journal of Health, Culture and Migration e il Presidente dell\u2019International Dermatology and Human Mobile Population Committee dell\u2019International Society of Dermatology (ISD). \u00c8 docente presso Universit\u00e0 italiane e straniere e collabora con numerosi organismi di ricerca internazionali.<\/p>\n<p>Ha coordinato numerose missioni clinico-scientifiche e umanitarie in Africa, Medio Oriente, India, America Latina e Sud Est Asiatico. Da oltre 40 anni \u00e8 presente con la sua \u00e9quipe in Tigray, dove ha aperto numerose scuole di Medicina e ospedali. Dal 2013 al 2017 \u00e8 stato Vicepresidente dell\u2019International Society of Dermatology (ISD). Oltre che Presidente Onorario dell\u2019International Institute of Social Medical Anthropological Sciences (I.I.S.M.A.S) e Direttore Scientifico del Workshop Internazionale \u201cCulture, Health and Migration\u201d tenuto dal CNR di Roma, \u00e8 Presidente del Congresso Annuale Internazionale di Dermatologia e Salute Globale in Etiopia, in collaborazione con il Ministro della Salute del Tigray. \u00c8 autore di oltre 700 articoli scientifici in riviste nazionali e internazionali e pi\u00f9 di 60 pubblicazioni monografiche e libri. I pi\u00f9 recenti sono \u201cSkin disorders in Migrants\u201d con Roderick Hay e Bernard Naafs per Springer (2020) e \u201cCovid-19 Tra mito e realt\u00e0\u201d per Armando Editore (2021). Nel 2017 riceve dall\u2019International Society of Dermatology la medaglia Castellani &#8211; Reiss, massimo riconoscimento internazionale per l\u2019attivit\u00e0 clinico-scientifica in Dermatologia.<\/p>\n<h4>CHAPTER INDEX<\/h4>\n<ul>\n<li>Dermatologia Tropicale tra passato e futuro<\/li>\n<li>Paesi in via di sviluppo o paesi avviati al sottosviluppo?<\/li>\n<li>Condizioni geografiche, climatiche ed ecologiche<\/li>\n<li>Povert\u00e0 e fenomeni immigratori: aspetti sociali e sanitari<\/li>\n<li>L\u2019invenzione delle razze<\/li>\n<li>Fattori umani, culturali e ambientali<\/li>\n<li>Antropologia dei colori della pelle<\/li>\n<li>Malattie cutanee virali<\/li>\n<li>Dermatosi batteriche<\/li>\n<li>Malattie sessualmente trasmissibili<\/li>\n<li>Epidermomicosi superficiali<\/li>\n<li>Micosi profonde<\/li>\n<li>Dermatosi dovute a infezioni protozoarie<\/li>\n<li>Dermatosi da elminti<\/li>\n<li>Dermatosi dovute ad artropodi<\/li>\n<li>Dermatosi da malnutrizione<\/li>\n<li>Discromie cutanee<\/li>\n<li>Genodermatosi<\/li>\n<li>Eczema e dermatiti<\/li>\n<li>Dermatosi infiammatorie<\/li>\n<li>Dermatosi bollose<\/li>\n<li>Disturbi del tessuto connettivo<\/li>\n<li>Orticaria ed eruzioni da farmaci<\/li>\n<li>Malattie degli annessi cutanei<\/li>\n<li>Neoplasie cutanee benigne<\/li>\n<li>Neoplasie cutanee maligne<\/li>\n<li>Altre dermatosi<\/li>\n<li>Tumori cutanei ai tropici<\/li>\n<li>Leishmaniasi<\/li>\n<li>Malattia di Hansen e dermatosi infiammatorie cutanee tropicali<\/li>\n<\/ul>\n<p>&nbsp;<\/p>\n<p>&nbsp;<\/p>\n","protected":false},"excerpt":{"rendered":"<p>ATLANTE DI DERMATOLOGIA TROPICALE DESCRIPTION La Dermatologia Tropicale \u00e8 storicamente una branca della medicina che si occupa della patologia dermo-venereologica cos\u00ec come si osserva nei Paesi tropicali e subtropicali, dove le malattie cutanee e sessualmente trasmissibili rappresentano ancora oggi il maggiore problema di salute pubblica, a causa di fattori climatici, differenze etniche e culturali, ma [&hellip;]<\/p>\n","protected":false},"author":3,"featured_media":0,"parent":0,"menu_order":0,"comment_status":"closed","ping_status":"closed","template":"","meta":{"_et_pb_use_builder":"","_et_pb_old_content":"","_et_gb_content_width":""},"_links":{"self":[{"href":"https:\/\/iismas.org\/sito\/wp-json\/wp\/v2\/pages\/3272"}],"collection":[{"href":"https:\/\/iismas.org\/sito\/wp-json\/wp\/v2\/pages"}],"about":[{"href":"https:\/\/iismas.org\/sito\/wp-json\/wp\/v2\/types\/page"}],"author":[{"embeddable":true,"href":"https:\/\/iismas.org\/sito\/wp-json\/wp\/v2\/users\/3"}],"replies":[{"embeddable":true,"href":"https:\/\/iismas.org\/sito\/wp-json\/wp\/v2\/comments?post=3272"}],"version-history":[{"count":1,"href":"https:\/\/iismas.org\/sito\/wp-json\/wp\/v2\/pages\/3272\/revisions"}],"predecessor-version":[{"id":3274,"href":"https:\/\/iismas.org\/sito\/wp-json\/wp\/v2\/pages\/3272\/revisions\/3274"}],"wp:attachment":[{"href":"https:\/\/iismas.org\/sito\/wp-json\/wp\/v2\/media?parent=3272"}],"curies":[{"name":"wp","href":"https:\/\/api.w.org\/{rel}","templated":true}]}}