{"id":3368,"date":"2024-09-03T12:50:43","date_gmt":"2024-09-03T12:50:43","guid":{"rendered":"https:\/\/iismas.org\/sito\/?page_id=3368"},"modified":"2024-09-03T12:52:22","modified_gmt":"2024-09-03T12:52:22","slug":"screening-e-prevenzione-primaria-obiettivo-salute","status":"publish","type":"page","link":"https:\/\/iismas.org\/sito\/screening-e-prevenzione-primaria-obiettivo-salute\/","title":{"rendered":"SCREENING E PREVENZIONE PRIMARIA: OBIETTIVO SALUTE"},"content":{"rendered":"<p><img decoding=\"async\" loading=\"lazy\" class=\"alignnone wp-image-3364\" src=\"https:\/\/iismas.org\/sito\/wp-content\/uploads\/2024\/09\/salute-300x224.png\" alt=\"\" width=\"370\" height=\"276\" srcset=\"https:\/\/iismas.org\/sito\/wp-content\/uploads\/2024\/09\/salute-300x224.png 300w, https:\/\/iismas.org\/sito\/wp-content\/uploads\/2024\/09\/salute.png 467w\" sizes=\"(max-width: 370px) 100vw, 370px\" \/><\/p>\n<h3>EVENTO IN PRESENZA-\u00a0\u00a0NO ECM<\/h3>\n<section data-id=\"fc3735a\" data-element_type=\"section\">\n<div data-id=\"f45e230\" data-element_type=\"column\">\n<div data-id=\"f70ae7f\" data-element_type=\"widget\" data-widget_type=\"text-editor.default\">\n<h4>25 SETTEMBRE 2024 DALLE 12:30 ALLE 18:00<\/h4>\n<p class=\"cvGsUA direction-ltr align-end para-style-body\"><span class=\"OYPEnA font-feature-liga-off font-feature-clig-off font-feature-calt-off text-decoration-none text-strikethrough-none\">Presso\u00a0<\/span><span class=\"OYPEnA font-feature-liga-off font-feature-clig-off font-feature-calt-off text-decoration-none text-strikethrough-none\">AULA MAGNA\u00a0<\/span><span class=\"OYPEnA font-feature-liga-off font-feature-clig-off font-feature-calt-off text-decoration-none text-strikethrough-none\">IERFOP\u00a0<\/span><span class=\"OYPEnA font-feature-liga-off font-feature-clig-off font-feature-calt-off text-decoration-none text-strikethrough-none\">Via Platone n.3 \u2013\u00a0<\/span><span class=\"OYPEnA font-feature-liga-off font-feature-clig-off font-feature-calt-off text-decoration-none text-strikethrough-none\">Cagliari<\/span><\/p>\n<a href='https:\/\/www.dreamcom.it\/iscrizione-evento-screening-e-prevenzione-primaria-25-settembre-2024-cagliari\/' class='small-button smallblue'>ISCRIVITI<\/a>\n<div><a href=\"https:\/\/www.dreamcom.it\/wp-content\/uploads\/2023\/08\/Sanit-logo.png\"><img decoding=\"async\" loading=\"lazy\" class=\"\" src=\"https:\/\/www.dreamcom.it\/wp-content\/uploads\/2023\/08\/Sanit-logo-300x120.png\" alt=\"sanit logo\" width=\"193\" height=\"77\" \/><\/a><\/div>\n<div><\/div>\n<div>Con il patrocinio di:<\/div>\n<div><img decoding=\"async\" loading=\"lazy\" class=\"alignnone wp-image-3369\" src=\"https:\/\/iismas.org\/sito\/wp-content\/uploads\/2024\/09\/IerfopMark-165x116-1.png\" alt=\"IerfopMark\" width=\"137\" height=\"96\" \/><\/div>\n<\/div>\n<\/div>\n<\/section>\n<div><\/div>\n<div><span style=\"color: #333333; font-size: 26px;\">RAZIONALE<\/span><\/div>\n<div>\n<div class=\"elementor-element elementor-element-d9318f0 elementor-widget elementor-widget-text-editor\" data-id=\"d9318f0\" data-element_type=\"widget\" data-widget_type=\"text-editor.default\">\n<div class=\"elementor-widget-container\">\n<p>La normativa italiana ha sempre sostenuto l\u2019adozione di programmi di prevenzione e screening, riconoscendo la loro importanza e quella di un accesso equo e universale ai servizi sanitari. Queste politiche hanno permesso di strutturare un sistema sanitario in cui la prevenzione occupa un ruolo centrale ma spesso, a causa della scarsa consapevolezza e dell\u2019insufficiente informazione, molte persone non seguono regolarmente le raccomandazioni preventive. Di conseguenza, i risultati ottenuti e i numeri delle diagnosi precoci sono inferiori alle aspettative. \u00c8 fondamentale continuare a sottolineare l\u2019importanza della prevenzione e garantire un accesso equo e universale ai servizi sanitari, affinch\u00e9 tutti possano beneficiare di un sistema sanitario efficace e inclusivo.<\/p>\n<p>Dal punto di vista sanitario, gli screening rappresentano un elemento fondamentale per la diagnosi precoce di numerose malattie, tra cui il cancro e le patologie cardiovascolari. Identificare una malattia nelle sue fasi iniziali permette di intervenire tempestivamente, migliorando<br \/>\nsignificativamente le possibilit\u00e0 di successo dei trattamenti. Inoltre, la prevenzione aiuta a ridurre la prevalenza delle malattie croniche, consentendo di gestire i fattori di rischio prima che possano evolversi in condizioni pi\u00f9 gravi. Tutto ci\u00f2 non solo aumenta la speranza di vita, ma migliora anche la qualit\u00e0 della vita dei pazienti. L\u2019implementazione efficace di programmi di screening e prevenzione ha anche importanti ricadute economiche. Infatti, diagnosticare e trattare una malattia nelle sue fasi iniziali comporta costi molto inferiori rispetto a interventi in stadi avanzati, spesso pi\u00f9 complessi e onerosi. Questo approccio permette una migliore allocazione delle risorse sanitarie, rendendo il sistema pi\u00f9 efficiente e sostenibile nel lungo termine. Inoltre, una popolazione pi\u00f9 sana si traduce in una forza lavoro pi\u00f9 produttiva, con minori assenze per malattia e una maggiore partecipazione alla vita economica e sociale del Paese.<\/p>\n<p>Il convegno intende approfondire come la sinergia tra le politiche sanitarie, gli operatori del settore e le istituzioni governative possa ottimizzare l\u2019efficacia dei programmi di screening e prevenzione. Attraverso il confronto e la condivisione di esperienze e conoscenze, \u00e8 possibile delineare strategie innovative e sostenibili che possano affrontare in modo efficace le sfide sanitarie future, migliorando cos\u00ec la salute della popolazione e garantendo un sistema sanitario pi\u00f9 equo ed efficiente.<br \/>\nL\u2019evento rappresenta un\u2019opportunit\u00e0 per riflettere su come continuare a promuovere la salute pubblica regionale e nazionale, sfruttando al meglio le risorse disponibili e adottando un approccio integrato che consideri tutti gli aspetti rilevanti. La prevenzione e gli screening non<br \/>\nsono solo strumenti di diagnosi, ma pilastri fondamentali di un sistema sanitario moderno e lungimirante, capace di rispondere alle esigenze della popolazione e di garantire un futuro pi\u00f9 sano e prospero per tutti.<\/p>\n<\/div>\n<\/div>\n<div class=\"elementor-element elementor-element-f67c260 elementor-widget elementor-widget-heading\" data-id=\"f67c260\" data-element_type=\"widget\" data-widget_type=\"heading.default\">\n<div class=\"elementor-widget-container\">\n<h2 class=\"elementor-heading-title elementor-size-default\">PROGRAMMA<\/h2>\n<\/div>\n<\/div>\n<div class=\"elementor-element elementor-element-5317fcf elementor-widget elementor-widget-text-editor\" data-id=\"5317fcf\" data-element_type=\"widget\" data-widget_type=\"text-editor.default\">\n<div class=\"elementor-widget-container\">\n<p class=\"cvGsUA direction-ltr align-justify para-style-body\"><span class=\"OYPEnA font-feature-liga-off font-feature-clig-off font-feature-calt-off text-decoration-none text-strikethrough-none\">1<b>2:30 LIGHT LUNCH<br \/>\n<\/b><\/span><span class=\"OYPEnA font-feature-liga-off font-feature-clig-off font-feature-calt-off text-decoration-none text-strikethrough-none\"><b>14:00 INIZIO DEI LAVORI<\/b><\/span><\/p>\n<p><strong>DIRETTORE SCIENTIFICO:<br \/>\nPROF. GIOVANNI SOTGIU<\/strong>\u00a0\u2013 Presidente Consiglio di Struttura, Facolt\u00e0 Medicina e Chirurgia, Universit\u00e0 degli Studi di Sassari<br \/>\n<strong>SEGRETERIA SCIENTIFICA:<\/strong><br \/>\n<strong>PROF.SSA IVANA MAIDA<\/strong>\u00a0\u2013 Docente Malattie Infettive, Universit\u00e0 degli Studi di Sassari<br \/>\n<strong>PROF.SSA CARLA BRUSCHELLI<\/strong>\u00a0\u2013 Docente di Metodologia Clinica, Universit\u00e0 La Sapienza di Roma; Ricercatrice clinica, Divulgatrice Scientifica, membro SIF \u2013 Societ\u00e0 Italiana di Farmacologia<br \/>\n<strong><br \/>\n<\/strong><\/p>\n<p><strong>MODERA:<\/strong><br \/>\n<strong>Silvio Brusaferro<\/strong>\u00a0(Docente Igiene generale e applicata Universit\u00e0 degli Studi di Udine, gi\u00e0 Presidente ISS)<\/p>\n<p><strong>14:00 SALUTI ISTITUZIONALI<\/strong><\/p>\n<p>\u2022\u00a0<strong>Armando Bartolazzi<\/strong>\u00a0(Assessore all\u2019Igiene, alla Sanit\u00e0 e all\u2019Assistenza sociale, Regione Sardegna)<br \/>\n\u2022\u00a0<strong>Carla Fundoni<\/strong>\u00a0(Presidente Commissione Sanit\u00e0 del Consiglio regionale)*<br \/>\n\u2022\u00a0<strong>Roberto Pili (<\/strong>Presidente Comunit\u00e0 Mondiale Longevit\u00e0, Presidente IERFOP, Oncologo)<br \/>\n\u2022\u00a0<strong>Pierina Rita Tanchis<\/strong>\u00a0(Responsabile Settore igiene e promozione della salute, Servizio promozione della salute e osservatorio epidemiologico, Regione Sardegna)*<br \/>\n<strong><span class=\"OYPEnA font-feature-liga-off font-feature-clig-off font-feature-calt-off text-decoration-none text-strikethrough-none\">Francesca Maria Anedda<\/span><\/strong><span class=\"OYPEnA font-feature-liga-off font-feature-clig-off font-feature-calt-off text-decoration-none text-strikethrough-none\">\u00a0(Presidente Regionale SItI \u2013 Societ\u00e0 Italiana di Igiene)*<\/span><\/p>\n<p><strong>14:45 INTERVENGONO<\/strong>:<\/p>\n<p>\u2022 La comunicazione efficace di screening e prevenzione primaria alla popolazione \u2013\u00a0<strong>Paolo Villari<\/strong>\u00a0(Docente Dipartimento Sanit\u00e0 Pubblica e Malattie Infettive, Universit\u00e0 La Sapienza di Roma)*<br \/>\n\u2022 II valore aggiunto di screening e prevenzione primaria sulla spesa sanitaria \u2013\u00a0<strong>Federico Spandonaro<\/strong>\u00a0(Professore straordinario e Presidente Comitato Scientifico CREA Sanit\u00e0)<br \/>\n\u2022 Dati epidemiologici in Sardegna \u2013<strong>\u00a0Giovanni Sotgiu<\/strong>\u00a0(Presidente Consiglio di Struttura, Facolt\u00e0 Medicina e Chirurgia, Universit\u00e0 degli Studi di Sassari)<br \/>\n\u2022 L\u2019importanza della prevenzione tumorale \u2013\u00a0<strong>Valeria Pusceddu<\/strong>\u00a0(Presidente AIOM Sardegna)<br \/>\n\u2022 EPATITE C, Gestione ed eliminazione dell\u2019epatite C in Italia: a che punto siamo? \u2013\u00a0<strong>Carla Bruschelli<\/strong>\u00a0(Docente di Metodologia Clinica, Universit\u00e0 La Sapienza di Roma; Ricercatrice clinica, Divulgatrice Scientifica, membro SIF \u2013 Societ\u00e0 Italiana di Farmacologia)<br \/>\n\u2022 Prevenzione e diagnosi Epatite C: stato dell\u2019arte in Sardegna \u2013\u00a0<strong>Ivana Maida<\/strong>\u00a0(Docente Malattie Infettive, Universit\u00e0 degli Studi di Sassari)<br \/>\n\u2022 Prevenzione e diagnosi HIV: stato dell\u2019arte in Sardegna \u2013\u00a0<strong>Goffredo Angioni<\/strong>\u00a0(Direttore UOC Malattie Infettive ASL Cagliari)*<br \/>\n\u2022 Il ruolo attivo del Medico di Medicina Generale \u2013\u00a0<strong>Umberto Antonio Nevisco<\/strong>\u00a0(Segretario Regionale e Provinciale FIMMG Cagliari)<br \/>\n\u2022 Il ruolo del farmacista del territorio \u2013\u00a0<strong>Maria Pia Orr\u00f9<\/strong>\u00a0(Presidente Federfarma Cagliari)*<br \/>\n\u2022 L\u2019offerta di screening negli Istituti penitenziari e nei SerD \u2013\u00a0<strong>Sergio Babudieri*<\/strong>\u00a0(Responsabile Clinica Malattie Infettive e Tropicali AOU Sassari)<br \/>\n\u2022 La partecipazione consapevole dei cittadini \u2013\u00a0<strong>Giorgio Vidili<\/strong>\u00a0(Segretario Regionale Cittadinanzattiva Sardegna)<br \/>\n\u2022 Il ruolo dell\u2019associazione \u2013\u00a0<strong>Alfredo Schirru<\/strong>\u00a0(Coordinatore Regionale LILT)<\/p>\n<p><strong>17:20 TAVOLA ROTONDA<\/strong><\/p>\n<p><span class=\"OYPEnA font-feature-liga-off font-feature-clig-off font-feature-calt-off text-decoration-none text-strikethrough-none\">Carla Fundoni,<\/span>\u00a0<span class=\"OYPEnA font-feature-liga-off font-feature-clig-off font-feature-calt-off text-decoration-none text-strikethrough-none\">Pierina Rita Tanchis,<\/span>\u00a0<span class=\"OYPEnA font-feature-liga-off font-feature-clig-off font-feature-calt-off text-decoration-none text-strikethrough-none\">Giovanni Sotgiu, Alfredo Schirru, Umberto Antonio Nevisco, Giorgio Vidili<\/span><\/p>\n<p>17:50 CONCLUSIONI<\/p>\n<p><strong><span class=\"OYPEnA font-feature-liga-off font-feature-clig-off font-feature-calt-off text-decoration-none text-strikethrough-none\">Armando Bartolazzi\u00a0<\/span><\/strong><span class=\"OYPEnA font-feature-liga-off font-feature-clig-off font-feature-calt-off text-decoration-none text-strikethrough-none\">(Assessore all\u2019Igiene, alla Sanit\u00e0 e all\u2019Assistenza sociale, Regione Sardegna)<\/span><\/p>\n<p>&nbsp;<\/p>\n<p><strong><span class=\"OYPEnA font-feature-liga-off font-feature-clig-off font-feature-calt-off text-decoration-none text-strikethrough-none\">*in attesa di conferma<\/span><\/strong><\/p>\n<\/div>\n<\/div>\n<p>&nbsp;<\/p>\n<\/div>\n","protected":false},"excerpt":{"rendered":"<p>EVENTO IN PRESENZA-\u00a0\u00a0NO ECM 25 SETTEMBRE 2024 DALLE 12:30 ALLE 18:00 Presso\u00a0AULA MAGNA\u00a0IERFOP\u00a0Via Platone n.3 \u2013\u00a0Cagliari Con il patrocinio di: RAZIONALE La normativa italiana ha sempre sostenuto l\u2019adozione di programmi di prevenzione e screening, riconoscendo la loro importanza e quella di un accesso equo e universale ai servizi sanitari. Queste politiche hanno permesso di strutturare [&hellip;]<\/p>\n","protected":false},"author":3,"featured_media":0,"parent":0,"menu_order":0,"comment_status":"closed","ping_status":"closed","template":"","meta":{"_et_pb_use_builder":"","_et_pb_old_content":"","_et_gb_content_width":""},"_links":{"self":[{"href":"https:\/\/iismas.org\/sito\/wp-json\/wp\/v2\/pages\/3368"}],"collection":[{"href":"https:\/\/iismas.org\/sito\/wp-json\/wp\/v2\/pages"}],"about":[{"href":"https:\/\/iismas.org\/sito\/wp-json\/wp\/v2\/types\/page"}],"author":[{"embeddable":true,"href":"https:\/\/iismas.org\/sito\/wp-json\/wp\/v2\/users\/3"}],"replies":[{"embeddable":true,"href":"https:\/\/iismas.org\/sito\/wp-json\/wp\/v2\/comments?post=3368"}],"version-history":[{"count":3,"href":"https:\/\/iismas.org\/sito\/wp-json\/wp\/v2\/pages\/3368\/revisions"}],"predecessor-version":[{"id":3372,"href":"https:\/\/iismas.org\/sito\/wp-json\/wp\/v2\/pages\/3368\/revisions\/3372"}],"wp:attachment":[{"href":"https:\/\/iismas.org\/sito\/wp-json\/wp\/v2\/media?parent=3368"}],"curies":[{"name":"wp","href":"https:\/\/api.w.org\/{rel}","templated":true}]}}