{"id":34,"date":"2018-02-25T15:20:43","date_gmt":"2018-02-25T15:20:43","guid":{"rendered":"https:\/\/iismas.org\/sito\/sito\/?page_id=34"},"modified":"2024-04-19T12:56:58","modified_gmt":"2024-04-19T12:56:58","slug":"sostienici","status":"publish","type":"page","link":"https:\/\/iismas.org\/sito\/sostienici\/","title":{"rendered":""},"content":{"rendered":"\t\t<div data-elementor-type=\"wp-page\" data-elementor-id=\"34\" class=\"elementor elementor-34\">\n\t\t\t\t\t\t\t\t\t<section class=\"elementor-section elementor-top-section elementor-element elementor-element-c067f0d elementor-hidden-mobile elementor-section-boxed elementor-section-height-default elementor-section-height-default\" data-id=\"c067f0d\" data-element_type=\"section\">\n\t\t\t\t\t\t<div class=\"elementor-container elementor-column-gap-default\">\n\t\t\t\t\t<div class=\"elementor-column elementor-col-100 elementor-top-column elementor-element elementor-element-cda5a09\" data-id=\"cda5a09\" data-element_type=\"column\">\n\t\t\t<div class=\"elementor-widget-wrap elementor-element-populated\">\n\t\t\t\t\t\t\t\t<div class=\"elementor-element elementor-element-c84924a elementor-widget elementor-widget-text-editor\" data-id=\"c84924a\" data-element_type=\"widget\" data-widget_type=\"text-editor.default\">\n\t\t\t\t<div class=\"elementor-widget-container\">\n\t\t\t<style>\/*! elementor - v3.13.1 - 09-05-2023 *\/\n.elementor-widget-text-editor.elementor-drop-cap-view-stacked .elementor-drop-cap{background-color:#69727d;color:#fff}.elementor-widget-text-editor.elementor-drop-cap-view-framed .elementor-drop-cap{color:#69727d;border:3px solid;background-color:transparent}.elementor-widget-text-editor:not(.elementor-drop-cap-view-default) .elementor-drop-cap{margin-top:8px}.elementor-widget-text-editor:not(.elementor-drop-cap-view-default) .elementor-drop-cap-letter{width:1em;height:1em}.elementor-widget-text-editor .elementor-drop-cap{float:left;text-align:center;line-height:1;font-size:50px}.elementor-widget-text-editor .elementor-drop-cap-letter{display:inline-block}<\/style>\t\t\t\t<p>DONA IL TUO 5&#215;1000<\/p>\t\t\t\t\t\t<\/div>\n\t\t\t\t<\/div>\n\t\t\t\t\t<\/div>\n\t\t<\/div>\n\t\t\t\t\t\t\t<\/div>\n\t\t<\/section>\n\t\t\t\t<section class=\"elementor-section elementor-top-section elementor-element elementor-element-669f99a elementor-section-boxed elementor-section-height-default elementor-section-height-default\" data-id=\"669f99a\" data-element_type=\"section\">\n\t\t\t\t\t\t<div class=\"elementor-container elementor-column-gap-default\">\n\t\t\t\t\t<div class=\"elementor-column elementor-col-100 elementor-top-column elementor-element elementor-element-c4de486\" data-id=\"c4de486\" data-element_type=\"column\">\n\t\t\t<div class=\"elementor-widget-wrap elementor-element-populated\">\n\t\t\t\t\t\t\t\t<div class=\"elementor-element elementor-element-5b4974f elementor-hidden-desktop elementor-widget elementor-widget-text-editor\" data-id=\"5b4974f\" data-element_type=\"widget\" data-widget_type=\"text-editor.default\">\n\t\t\t\t<div class=\"elementor-widget-container\">\n\t\t\t\t\t\t\t<p>DONA IL TUO 5\u00d71000<\/p>\t\t\t\t\t\t<\/div>\n\t\t\t\t<\/div>\n\t\t\t\t\t<\/div>\n\t\t<\/div>\n\t\t\t\t\t\t\t<\/div>\n\t\t<\/section>\n\t\t\t\t<section class=\"elementor-section elementor-top-section elementor-element elementor-element-a3f769a elementor-hidden-mobile elementor-section-boxed elementor-section-height-default elementor-section-height-default\" data-id=\"a3f769a\" data-element_type=\"section\">\n\t\t\t\t\t\t<div class=\"elementor-container elementor-column-gap-default\">\n\t\t\t\t\t<div class=\"elementor-column elementor-col-100 elementor-top-column elementor-element elementor-element-c07a336\" data-id=\"c07a336\" data-element_type=\"column\">\n\t\t\t<div class=\"elementor-widget-wrap elementor-element-populated\">\n\t\t\t\t\t\t\t\t<div class=\"elementor-element elementor-element-cca3904 elementor-widget elementor-widget-spacer\" data-id=\"cca3904\" data-element_type=\"widget\" data-widget_type=\"spacer.default\">\n\t\t\t\t<div class=\"elementor-widget-container\">\n\t\t\t<style>\/*! elementor - v3.13.1 - 09-05-2023 *\/\n.elementor-column .elementor-spacer-inner{height:var(--spacer-size)}.e-con{--container-widget-width:100%}.e-con-inner>.elementor-widget-spacer,.e-con>.elementor-widget-spacer{width:var(--container-widget-width,var(--spacer-size));--align-self:var(--container-widget-align-self,initial);--flex-shrink:0}.e-con-inner>.elementor-widget-spacer>.elementor-widget-container,.e-con-inner>.elementor-widget-spacer>.elementor-widget-container>.elementor-spacer,.e-con>.elementor-widget-spacer>.elementor-widget-container,.e-con>.elementor-widget-spacer>.elementor-widget-container>.elementor-spacer{height:100%}.e-con-inner>.elementor-widget-spacer>.elementor-widget-container>.elementor-spacer>.elementor-spacer-inner,.e-con>.elementor-widget-spacer>.elementor-widget-container>.elementor-spacer>.elementor-spacer-inner{height:var(--container-widget-height,var(--spacer-size))}<\/style>\t\t<div class=\"elementor-spacer\">\n\t\t\t<div class=\"elementor-spacer-inner\"><\/div>\n\t\t<\/div>\n\t\t\t\t<\/div>\n\t\t\t\t<\/div>\n\t\t\t\t\t<\/div>\n\t\t<\/div>\n\t\t\t\t\t\t\t<\/div>\n\t\t<\/section>\n\t\t\t\t<section class=\"elementor-section elementor-top-section elementor-element elementor-element-d99c096 elementor-section-boxed elementor-section-height-default elementor-section-height-default\" data-id=\"d99c096\" data-element_type=\"section\">\n\t\t\t\t\t\t<div class=\"elementor-container elementor-column-gap-default\">\n\t\t\t\t\t<div class=\"elementor-column elementor-col-100 elementor-top-column elementor-element elementor-element-d8cbcb9\" data-id=\"d8cbcb9\" data-element_type=\"column\">\n\t\t\t<div class=\"elementor-widget-wrap elementor-element-populated\">\n\t\t\t\t\t\t\t\t<div class=\"elementor-element elementor-element-d742e30 elementor-widget elementor-widget-text-editor\" data-id=\"d742e30\" data-element_type=\"widget\" data-widget_type=\"text-editor.default\">\n\t\t\t\t<div class=\"elementor-widget-container\">\n\t\t\t\t\t\t\t<p><b>IISMAS ha bisogno del tuo aiuto<\/b>, economico, materiale o anche solo morale per portare avanti i propri progetti.<\/p><p>Consulta il nostro elenco dettagliato per sapere di cosa abbiamo bisogno adesso e, in ogni caso,\u00a0contattaci\u00a0per avere ulteriori informazioni.<\/p>\t\t\t\t\t\t<\/div>\n\t\t\t\t<\/div>\n\t\t\t\t\t<\/div>\n\t\t<\/div>\n\t\t\t\t\t\t\t<\/div>\n\t\t<\/section>\n\t\t\t\t<section class=\"elementor-section elementor-top-section elementor-element elementor-element-d2452aa elementor-section-boxed elementor-section-height-default elementor-section-height-default\" data-id=\"d2452aa\" data-element_type=\"section\">\n\t\t\t\t\t\t<div class=\"elementor-container elementor-column-gap-default\">\n\t\t\t\t\t<div class=\"elementor-column elementor-col-100 elementor-top-column elementor-element elementor-element-ef1745d\" data-id=\"ef1745d\" data-element_type=\"column\">\n\t\t\t<div class=\"elementor-widget-wrap elementor-element-populated\">\n\t\t\t\t\t\t\t\t<div class=\"elementor-element elementor-element-fa4a229 elementor-widget elementor-widget-spacer\" data-id=\"fa4a229\" data-element_type=\"widget\" data-widget_type=\"spacer.default\">\n\t\t\t\t<div class=\"elementor-widget-container\">\n\t\t\t\t\t<div class=\"elementor-spacer\">\n\t\t\t<div class=\"elementor-spacer-inner\"><\/div>\n\t\t<\/div>\n\t\t\t\t<\/div>\n\t\t\t\t<\/div>\n\t\t\t\t\t<\/div>\n\t\t<\/div>\n\t\t\t\t\t\t\t<\/div>\n\t\t<\/section>\n\t\t\t\t<section class=\"elementor-section elementor-top-section elementor-element elementor-element-18914c3 elementor-section-stretched elementor-section-boxed elementor-section-height-default elementor-section-height-default\" data-id=\"18914c3\" data-element_type=\"section\" data-settings=\"{&quot;background_background&quot;:&quot;gradient&quot;,&quot;stretch_section&quot;:&quot;section-stretched&quot;}\">\n\t\t\t\t\t\t\t<div class=\"elementor-background-overlay\"><\/div>\n\t\t\t\t\t\t\t<div class=\"elementor-container elementor-column-gap-default\">\n\t\t\t\t\t<div class=\"elementor-column elementor-col-50 elementor-top-column elementor-element elementor-element-6a76d23\" data-id=\"6a76d23\" data-element_type=\"column\">\n\t\t\t<div class=\"elementor-widget-wrap elementor-element-populated\">\n\t\t\t\t\t\t\t\t<div class=\"elementor-element elementor-element-8c9f313 elementor-invisible elementor-widget elementor-widget-image\" data-id=\"8c9f313\" data-element_type=\"widget\" data-settings=\"{&quot;_animation&quot;:&quot;fadeInLeft&quot;}\" data-widget_type=\"image.default\">\n\t\t\t\t<div class=\"elementor-widget-container\">\n\t\t\t<style>\/*! elementor - v3.13.1 - 09-05-2023 *\/\n.elementor-widget-image{text-align:center}.elementor-widget-image a{display:inline-block}.elementor-widget-image a img[src$=\".svg\"]{width:48px}.elementor-widget-image img{vertical-align:middle;display:inline-block}<\/style>\t\t\t\t\t\t\t\t\t\t\t\t<img decoding=\"async\" width=\"1024\" height=\"1024\" src=\"https:\/\/iismas.org\/sito\/wp-content\/uploads\/2023\/05\/Treia-1024x1024.png\" class=\"attachment-large size-large wp-image-927\" alt=\"\" loading=\"lazy\" srcset=\"https:\/\/iismas.org\/sito\/wp-content\/uploads\/2023\/05\/Treia-1024x1024.png 1024w, https:\/\/iismas.org\/sito\/wp-content\/uploads\/2023\/05\/Treia-980x980.png 980w, https:\/\/iismas.org\/sito\/wp-content\/uploads\/2023\/05\/Treia-480x480.png 480w\" sizes=\"(min-width: 0px) and (max-width: 480px) 480px, (min-width: 481px) and (max-width: 980px) 980px, (min-width: 981px) 1024px, 100vw\" \/>\t\t\t\t\t\t\t\t\t\t\t\t\t\t\t<\/div>\n\t\t\t\t<\/div>\n\t\t\t\t\t<\/div>\n\t\t<\/div>\n\t\t\t\t<div class=\"elementor-column elementor-col-50 elementor-top-column elementor-element elementor-element-235dd36\" data-id=\"235dd36\" data-element_type=\"column\">\n\t\t\t<div class=\"elementor-widget-wrap elementor-element-populated\">\n\t\t\t\t\t\t\t\t<div class=\"elementor-element elementor-element-0774ef0 elementor-invisible elementor-widget elementor-widget-text-editor\" data-id=\"0774ef0\" data-element_type=\"widget\" data-settings=\"{&quot;_animation&quot;:&quot;fadeInRight&quot;}\" data-widget_type=\"text-editor.default\">\n\t\t\t\t<div class=\"elementor-widget-container\">\n\t\t\t\t\t\t\t<p>UN DONO PREZIOSO CHE NON COSTA NULLA.<\/p>\t\t\t\t\t\t<\/div>\n\t\t\t\t<\/div>\n\t\t\t\t<div class=\"elementor-element elementor-element-1249386 elementor-invisible elementor-widget elementor-widget-text-editor\" data-id=\"1249386\" data-element_type=\"widget\" data-settings=\"{&quot;_animation&quot;:&quot;fadeInRight&quot;}\" data-widget_type=\"text-editor.default\">\n\t\t\t\t<div class=\"elementor-widget-container\">\n\t\t\t\t\t\t\t<h3>\u00a0<\/h3><h3><u><b>Il 5X1000 all&#8217;IISMAS: il tuo aiuto pu\u00f2 fare molto<\/b><\/u><\/h3><p><br \/>Nel modulo della prossima dichiarazione dei redditi (730, CU o Unico) trovi un apposito modello dedicato al 5 X 1000, con sei caselle che indicano diverse destinazioni fra cui scegliere (puoi fare una sola scelta).<br \/><br \/>Indica nel riquadro &#8220;<b>Sostegno del volontariato e delle altre organizzazioni non lucrative di utilit\u00e0 sociale \u2026\u2026.<\/b>&#8221; il codice fiscale dell&#8217;IISMAS:\u00a0<b>97290020581\u00a0<\/b>e firma nello spazio tratteggiato. Ti ricordiamo che sottoscrivendo il 5X1000 puoi comunque esprimere la tua preferenza per l&#8217;8 X 1000. Le due possibilit\u00e0 non sono alternative.<\/p><p><a id=\"eztoc2006_0_0_1\" name=\"eztoc2006_0_0_1\"><\/a><\/p>\t\t\t\t\t\t<\/div>\n\t\t\t\t<\/div>\n\t\t\t\t\t<\/div>\n\t\t<\/div>\n\t\t\t\t\t\t\t<\/div>\n\t\t<\/section>\n\t\t\t\t<section class=\"elementor-section elementor-top-section elementor-element elementor-element-0de9702 elementor-section-boxed elementor-section-height-default elementor-section-height-default\" data-id=\"0de9702\" data-element_type=\"section\">\n\t\t\t\t\t\t<div class=\"elementor-container elementor-column-gap-default\">\n\t\t\t\t\t<div class=\"elementor-column elementor-col-100 elementor-top-column elementor-element elementor-element-1622af5\" data-id=\"1622af5\" data-element_type=\"column\">\n\t\t\t<div class=\"elementor-widget-wrap\">\n\t\t\t\t\t\t\t\t\t<\/div>\n\t\t<\/div>\n\t\t\t\t\t\t\t<\/div>\n\t\t<\/section>\n\t\t\t\t<section class=\"elementor-section elementor-top-section elementor-element elementor-element-2d862ab elementor-section-boxed elementor-section-height-default elementor-section-height-default\" data-id=\"2d862ab\" data-element_type=\"section\">\n\t\t\t\t\t\t<div class=\"elementor-container elementor-column-gap-default\">\n\t\t\t\t\t<div class=\"elementor-column elementor-col-100 elementor-top-column elementor-element elementor-element-3974983\" data-id=\"3974983\" data-element_type=\"column\">\n\t\t\t<div class=\"elementor-widget-wrap elementor-element-populated\">\n\t\t\t\t\t\t\t\t<div class=\"elementor-element elementor-element-bb7b90c elementor-widget elementor-widget-spacer\" data-id=\"bb7b90c\" data-element_type=\"widget\" data-widget_type=\"spacer.default\">\n\t\t\t\t<div class=\"elementor-widget-container\">\n\t\t\t\t\t<div class=\"elementor-spacer\">\n\t\t\t<div class=\"elementor-spacer-inner\"><\/div>\n\t\t<\/div>\n\t\t\t\t<\/div>\n\t\t\t\t<\/div>\n\t\t\t\t\t<\/div>\n\t\t<\/div>\n\t\t\t\t\t\t\t<\/div>\n\t\t<\/section>\n\t\t\t\t<section class=\"elementor-section elementor-top-section elementor-element elementor-element-1324de4 elementor-section-boxed elementor-section-height-default elementor-section-height-default\" data-id=\"1324de4\" data-element_type=\"section\">\n\t\t\t\t\t\t<div class=\"elementor-container elementor-column-gap-default\">\n\t\t\t\t\t<div class=\"elementor-column elementor-col-100 elementor-top-column elementor-element elementor-element-6390f96\" data-id=\"6390f96\" data-element_type=\"column\">\n\t\t\t<div class=\"elementor-widget-wrap elementor-element-populated\">\n\t\t\t\t\t\t\t\t<div class=\"elementor-element elementor-element-7395b04 elementor-widget elementor-widget-text-editor\" data-id=\"7395b04\" data-element_type=\"widget\" data-widget_type=\"text-editor.default\">\n\t\t\t\t<div class=\"elementor-widget-container\">\n\t\t\t\t\t\t\t<h3><span style=\"text-decoration: underline;\"><strong>SE SEI UN PRIVATO<\/strong><\/span><\/h3><p><b>Perch\u00e9 donare:<\/b><\/p><p class=\" text-LEFT\">Le persone fisiche che effettuano donazioni in denaro o in natura a favore degli enti del Terzo settore possono detrarre dall&#8217;imposta lorda sul reddito delle persone fisiche un importo pari al 30 per cento degli oneri per un importo complessivo in ciascun periodo d&#8217;imposta non superiore a 30.000 euro. (art. 83, comma 1 del D.Lgs. n. 117\/2017)<\/p><p class=\" text-LEFT\"><span style=\"text-decoration: underline;\">in alternativa<\/span><\/p><p class=\" text-LEFT\">Le erogazioni liberali in denaro o in natura erogate a favore degli enti del Terzo settore sono deducibili nel limite del 10% del reddito complessivo dichiarato.<br \/>Le agevolazioni fiscali non sono cumulabili tra di loro..<\/p><p><b>Come donare:<\/b><\/p><ul><li>tramite Banca Etica \u2013 IBAN IT61Y0501803200000016750697\u00a0 \u00a0<\/li><li>Intesa San Paolo\u00a0\u00a0 &#8211;\u00a0\u00a0 IBAN IT24M0306909606100000125030<\/li><li>C.F. 97290020581<\/li><\/ul><p>Via Tuscolana 189 &#8211; Roma<\/p><ul><li>\u00a0Regalandoci strumentazione medica, informatica e didattica<\/li><li>Con un&#8217;idea diversa nelle occasioni speciali<br \/>(Matrimoni, Prime Comunioni, Battesimi&#8230;)<\/li><li>La donazione \u00e8 deducibile;<\/li><\/ul><h3><b><u>SE SEI UN&#8217;AZIENDA<\/u><\/b><\/h3><h4>\u00a0<\/h4><p><b>Perch\u00e9 donare:<\/b><\/p><p>Le imprese e gli enti non commerciali possono dedurre fino ad un massimo del 10% del reddito d&#8217;impresa, le liberalit\u00e0 in denaro o in beni a favore degli enti del Terzo settore .<\/p><p>Nel caso in cui il reddito complessivo dichiarato \u00e8 decurtato da altre deduzioni e non si pu\u00f2 godere della deduzione nel modo in cui si ha diritto, l&#8217;azienda che dona pu\u00f2 dedurre quanto non utilizzato negli anni successivi, fino al quarto anno dopo la prima dichiarazione. (art. 83, comma 2 del D.Lgs. 3 luglio 2017, n. 117).<\/p><p><b>Come donare:<\/b><\/p><ul><li>tramite Banca Etica \u2013 IBAN IT61Y0501803200000016750697\u00a0\u00a0\u00a0<\/li><li>\u00a0Intesa San Paolo\u00a0\u00a0 &#8211;\u00a0\u00a0 IBAN IT24M0306909606100000125030<\/li><li>\u00a0C.F. 97290020581<\/li><\/ul><p>Via Tuscolana 189 &#8211; Roma<\/p><ul><li>diventando &#8220;azienda sostenitrice&#8221;<\/li><li>sponsorizzando gli eventi organizzati da IISMAS<\/li><li>regalandoci strumentazione medica, informatica e didattica<\/li><\/ul><h3><b><u>SE SEI UN OPERATORE DEL SETTORE SANITARIO<\/u><\/b><\/h3><ul><li>Partecipa ai nostri progetti all&#8217;estero<\/li><li>Aiutaci pur rimanendo in Italia<\/li><\/ul>\t\t\t\t\t\t<\/div>\n\t\t\t\t<\/div>\n\t\t\t\t\t<\/div>\n\t\t<\/div>\n\t\t\t\t\t\t\t<\/div>\n\t\t<\/section>\n\t\t\t\t<section class=\"elementor-section elementor-top-section elementor-element elementor-element-b6a937c elementor-section-boxed elementor-section-height-default elementor-section-height-default\" data-id=\"b6a937c\" data-element_type=\"section\">\n\t\t\t\t\t\t<div class=\"elementor-container elementor-column-gap-default\">\n\t\t\t\t\t<div class=\"elementor-column elementor-col-100 elementor-top-column elementor-element elementor-element-319be58\" data-id=\"319be58\" data-element_type=\"column\">\n\t\t\t<div class=\"elementor-widget-wrap elementor-element-populated\">\n\t\t\t\t\t\t\t\t<div class=\"elementor-element elementor-element-52d0788 elementor-widget elementor-widget-spacer\" data-id=\"52d0788\" data-element_type=\"widget\" data-widget_type=\"spacer.default\">\n\t\t\t\t<div class=\"elementor-widget-container\">\n\t\t\t\t\t<div class=\"elementor-spacer\">\n\t\t\t<div class=\"elementor-spacer-inner\"><\/div>\n\t\t<\/div>\n\t\t\t\t<\/div>\n\t\t\t\t<\/div>\n\t\t\t\t\t<\/div>\n\t\t<\/div>\n\t\t\t\t\t\t\t<\/div>\n\t\t<\/section>\n\t\t\t\t\t\t\t<\/div>\n\t\t","protected":false},"excerpt":{"rendered":"<p>DONA IL TUO 5&#215;1000 DONA IL TUO 5\u00d71000 IISMAS ha bisogno del tuo aiuto, economico, materiale o anche solo morale per portare avanti i propri progetti. Consulta il nostro elenco dettagliato per sapere di cosa abbiamo bisogno adesso e, in ogni caso,\u00a0contattaci\u00a0per avere ulteriori informazioni. UN DONO PREZIOSO CHE NON COSTA NULLA. \u00a0 Il 5X1000 [&hellip;]<\/p>\n","protected":false},"author":1,"featured_media":0,"parent":0,"menu_order":0,"comment_status":"closed","ping_status":"closed","template":"","meta":{"_et_pb_use_builder":"","_et_pb_old_content":"","_et_gb_content_width":""},"_links":{"self":[{"href":"https:\/\/iismas.org\/sito\/wp-json\/wp\/v2\/pages\/34"}],"collection":[{"href":"https:\/\/iismas.org\/sito\/wp-json\/wp\/v2\/pages"}],"about":[{"href":"https:\/\/iismas.org\/sito\/wp-json\/wp\/v2\/types\/page"}],"author":[{"embeddable":true,"href":"https:\/\/iismas.org\/sito\/wp-json\/wp\/v2\/users\/1"}],"replies":[{"embeddable":true,"href":"https:\/\/iismas.org\/sito\/wp-json\/wp\/v2\/comments?post=34"}],"version-history":[{"count":66,"href":"https:\/\/iismas.org\/sito\/wp-json\/wp\/v2\/pages\/34\/revisions"}],"predecessor-version":[{"id":3252,"href":"https:\/\/iismas.org\/sito\/wp-json\/wp\/v2\/pages\/34\/revisions\/3252"}],"wp:attachment":[{"href":"https:\/\/iismas.org\/sito\/wp-json\/wp\/v2\/media?parent=34"}],"curies":[{"name":"wp","href":"https:\/\/api.w.org\/{rel}","templated":true}]}}